{"id":1312,"date":"2019-02-05T15:29:49","date_gmt":"2019-02-05T14:29:49","guid":{"rendered":"https:\/\/demo01.diamsmedia.ch\/?page_id=1312"},"modified":"2022-05-19T18:55:57","modified_gmt":"2022-05-19T16:55:57","slug":"new-creations","status":"publish","type":"page","link":"https:\/\/pierredalexis.ch\/en\/creations\/les-alliances\/","title":{"rendered":"Wedding Rings"},"content":{"rendered":"\t\t<div data-elementor-type=\"wp-post\" data-elementor-id=\"1312\" class=\"elementor elementor-1312\" data-elementor-post-type=\"page\">\n\t\t\t\t\t\t<section class=\"elementor-section elementor-top-section elementor-element elementor-element-94dbba1 elementor-section-full_width elementor-section-height-default elementor-section-height-default\" data-id=\"94dbba1\" data-element_type=\"section\" data-e-type=\"section\" data-settings=\"{&quot;background_background&quot;:&quot;classic&quot;}\">\n\t\t\t\t\t\t<div class=\"elementor-container elementor-column-gap-default\">\n\t\t\t\t\t<div class=\"elementor-column elementor-col-50 elementor-top-column elementor-element elementor-element-4e22e96a\" data-id=\"4e22e96a\" data-element_type=\"column\" data-e-type=\"column\">\n\t\t\t<div class=\"elementor-widget-wrap elementor-element-populated\">\n\t\t\t\t\t\t<div class=\"elementor-element elementor-element-579f0244 elementor-widget elementor-widget-image\" data-id=\"579f0244\" data-element_type=\"widget\" data-e-type=\"widget\" data-settings=\"{&quot;sticky&quot;:&quot;top&quot;,&quot;sticky_on&quot;:[&quot;desktop&quot;,&quot;tablet&quot;],&quot;sticky_parent&quot;:&quot;yes&quot;,&quot;sticky_offset&quot;:0,&quot;sticky_effects_offset&quot;:0,&quot;sticky_anchor_link_offset&quot;:0}\" data-widget_type=\"image.default\">\n\t\t\t\t<div class=\"elementor-widget-container\">\n\t\t\t\t\t\t\t\t\t\t\t\t\t\t\t<img data-opt-id=1948797299  fetchpriority=\"high\" decoding=\"async\" width=\"1920\" height=\"1920\" src=\"https:\/\/ml7vt2c1kbnd.i.optimole.com\/w:1080\/h:1080\/q:mauto\/g:sm\/f:best\/https:\/\/pierredalexis.ch\/wp-content\/uploads\/2018\/11\/IMGP2574-e1569437822534.jpg\" class=\"attachment-full size-full wp-image-2132\" alt=\"\" srcset=\"https:\/\/ml7vt2c1kbnd.i.optimole.com\/w:1080\/h:1080\/q:mauto\/g:sm\/f:best\/https:\/\/pierredalexis.ch\/wp-content\/uploads\/2018\/11\/IMGP2574-e1569437822534.jpg 1920w, https:\/\/ml7vt2c1kbnd.i.optimole.com\/w:300\/h:300\/q:mauto\/g:sm\/f:best\/https:\/\/pierredalexis.ch\/wp-content\/uploads\/2018\/11\/IMGP2574-e1569437822534.jpg 300w, https:\/\/ml7vt2c1kbnd.i.optimole.com\/w:768\/h:768\/q:mauto\/g:sm\/f:best\/https:\/\/pierredalexis.ch\/wp-content\/uploads\/2018\/11\/IMGP2574-e1569437822534.jpg 768w, https:\/\/ml7vt2c1kbnd.i.optimole.com\/w:1024\/h:1024\/q:mauto\/g:sm\/f:best\/https:\/\/pierredalexis.ch\/wp-content\/uploads\/2018\/11\/IMGP2574-e1569437822534.jpg 1024w\" sizes=\"(max-width: 1200px) 100vw, 1200px\" \/>\t\t\t\t\t\t\t\t\t\t\t\t\t\t\t<\/div>\n\t\t\t\t<\/div>\n\t\t\t\t\t<\/div>\n\t\t<\/div>\n\t\t\t\t<div class=\"elementor-column elementor-col-50 elementor-top-column elementor-element elementor-element-6f00b99\" data-id=\"6f00b99\" data-element_type=\"column\" data-e-type=\"column\">\n\t\t\t<div class=\"elementor-widget-wrap elementor-element-populated\">\n\t\t\t\t\t\t<div class=\"elementor-element elementor-element-9053fab elementor-widget elementor-widget-heading\" data-id=\"9053fab\" data-element_type=\"widget\" data-e-type=\"widget\" data-widget_type=\"heading.default\">\n\t\t\t\t<div class=\"elementor-widget-container\">\n\t\t\t\t\t<h1 class=\"elementor-heading-title elementor-size-default\">les alliances<\/h1>\t\t\t\t<\/div>\n\t\t\t\t<\/div>\n\t\t\t\t<div class=\"elementor-element elementor-element-7b4d7c49 elementor-widget-divider--view-line elementor-widget elementor-widget-divider\" data-id=\"7b4d7c49\" data-element_type=\"widget\" data-e-type=\"widget\" data-widget_type=\"divider.default\">\n\t\t\t\t<div class=\"elementor-widget-container\">\n\t\t\t\t\t\t\t<div class=\"elementor-divider\">\n\t\t\t<span class=\"elementor-divider-separator\">\n\t\t\t\t\t\t<\/span>\n\t\t<\/div>\n\t\t\t\t\t\t<\/div>\n\t\t\t\t<\/div>\n\t\t\t\t<div class=\"elementor-element elementor-element-2d4ecd0b elementor-widget elementor-widget-text-editor\" data-id=\"2d4ecd0b\" data-element_type=\"widget\" data-e-type=\"widget\" data-widget_type=\"text-editor.default\">\n\t\t\t\t<div class=\"elementor-widget-container\">\n\t\t\t\t\t\t\t\t\t<h3>Le symbole de votre union<\/h3>\t\t\t\t\t\t\t\t<\/div>\n\t\t\t\t<\/div>\n\t\t\t\t<div class=\"elementor-element elementor-element-7ab1149d elementor-widget elementor-widget-text-editor\" data-id=\"7ab1149d\" data-element_type=\"widget\" data-e-type=\"widget\" data-widget_type=\"text-editor.default\">\n\t\t\t\t<div class=\"elementor-widget-container\">\n\t\t\t\t\t\t\t\t\t<p><span style=\"font-size: 15px; font-style: normal;\">PIERRE d&rsquo;ALEXIS r\u00e9alise pour vous des alliances uniques et tr\u00e8s personnalis\u00e9es. Une exp\u00e9rience cr\u00e9atrice au cours \u00a0de laquelle vous devrez trouver ensemble ce qui vous rapproche et d\u00e9fini votre couple. Tout au long de ce processus PIERRE d&rsquo;ALEXIS veillera \u00e0 traduire vos id\u00e9es en projets, puis concevra VOS alliances \u00e0 VOTRE image.<\/span><\/p>\t\t\t\t\t\t\t\t<\/div>\n\t\t\t\t<\/div>\n\t\t\t\t<div class=\"elementor-element elementor-element-ab33986 elementor-widget elementor-widget-gallery\" data-id=\"ab33986\" data-element_type=\"widget\" data-e-type=\"widget\" data-settings=\"{&quot;columns&quot;:2,&quot;lazyload&quot;:&quot;yes&quot;,&quot;gallery_layout&quot;:&quot;grid&quot;,&quot;columns_tablet&quot;:2,&quot;columns_mobile&quot;:1,&quot;gap&quot;:{&quot;unit&quot;:&quot;px&quot;,&quot;size&quot;:10,&quot;sizes&quot;:[]},&quot;gap_tablet&quot;:{&quot;unit&quot;:&quot;px&quot;,&quot;size&quot;:10,&quot;sizes&quot;:[]},&quot;gap_mobile&quot;:{&quot;unit&quot;:&quot;px&quot;,&quot;size&quot;:10,&quot;sizes&quot;:[]},&quot;link_to&quot;:&quot;file&quot;,&quot;aspect_ratio&quot;:&quot;3:2&quot;,&quot;overlay_background&quot;:&quot;yes&quot;,&quot;content_hover_animation&quot;:&quot;fade-in&quot;}\" data-widget_type=\"gallery.default\">\n\t\t\t\t<div class=\"elementor-widget-container\">\n\t\t\t\t\t\t\t<div class=\"elementor-gallery__container\">\n\t\t\t\t\t\t\t<a class=\"e-gallery-item elementor-gallery-item elementor-animated-content\" href=\"https:\/\/ml7vt2c1kbnd.i.optimole.com\/w:1440\/h:1080\/q:mauto\/g:sm\/f:best\/https:\/\/pierredalexis.ch\/wp-content\/uploads\/2021\/03\/IMGP1409.jpeg\" data-elementor-open-lightbox=\"yes\" data-elementor-lightbox-slideshow=\"ab33986\" data-elementor-lightbox-title=\"IMGP1409\" data-e-action-hash=\"#elementor-action%3Aaction%3Dlightbox%26settings%3DeyJpZCI6MjQ4MCwidXJsIjoiaHR0cHM6XC9cL3BpZXJyZWRhbGV4aXMuY2hcL3dwLWNvbnRlbnRcL3VwbG9hZHNcLzIwMjFcLzAzXC9JTUdQMTQwOS5qcGVnIiwic2xpZGVzaG93IjoiYWIzMzk4NiJ9\">\n\t\t\t\t\t<div class=\"e-gallery-image elementor-gallery-item__image\" data-thumbnail=\"https:\/\/ml7vt2c1kbnd.i.optimole.com\/w:300\/h:225\/q:mauto\/g:sm\/f:best\/https:\/\/pierredalexis.ch\/wp-content\/uploads\/2021\/03\/IMGP1409.jpeg\" data-width=\"300\" data-height=\"225\" aria-label=\"\" role=\"img\" ><\/div>\n\t\t\t\t\t\t\t\t\t\t\t<div class=\"elementor-gallery-item__overlay\"><\/div>\n\t\t\t\t\t\t\t\t\t\t\t\t\t\t<\/a>\n\t\t\t\t\t\t\t<a class=\"e-gallery-item elementor-gallery-item elementor-animated-content\" href=\"https:\/\/ml7vt2c1kbnd.i.optimole.com\/w:1440\/h:1080\/q:mauto\/g:sm\/f:best\/https:\/\/pierredalexis.ch\/wp-content\/uploads\/2021\/03\/IMGP1574.jpeg\" data-elementor-open-lightbox=\"yes\" data-elementor-lightbox-slideshow=\"ab33986\" data-elementor-lightbox-title=\"IMGP1574\" data-e-action-hash=\"#elementor-action%3Aaction%3Dlightbox%26settings%3DeyJpZCI6MjQ3OSwidXJsIjoiaHR0cHM6XC9cL3BpZXJyZWRhbGV4aXMuY2hcL3dwLWNvbnRlbnRcL3VwbG9hZHNcLzIwMjFcLzAzXC9JTUdQMTU3NC5qcGVnIiwic2xpZGVzaG93IjoiYWIzMzk4NiJ9\">\n\t\t\t\t\t<div class=\"e-gallery-image elementor-gallery-item__image\" data-thumbnail=\"https:\/\/ml7vt2c1kbnd.i.optimole.com\/w:300\/h:225\/q:mauto\/g:sm\/f:best\/https:\/\/pierredalexis.ch\/wp-content\/uploads\/2021\/03\/IMGP1574.jpeg\" data-width=\"300\" data-height=\"225\" aria-label=\"\" role=\"img\" ><\/div>\n\t\t\t\t\t\t\t\t\t\t\t<div class=\"elementor-gallery-item__overlay\"><\/div>\n\t\t\t\t\t\t\t\t\t\t\t\t\t\t<\/a>\n\t\t\t\t\t\t\t<a class=\"e-gallery-item elementor-gallery-item elementor-animated-content\" href=\"https:\/\/ml7vt2c1kbnd.i.optimole.com\/w:1699\/h:1080\/q:mauto\/g:sm\/f:best\/https:\/\/pierredalexis.ch\/wp-content\/uploads\/2021\/03\/IMGP1259-1.jpeg\" data-elementor-open-lightbox=\"yes\" data-elementor-lightbox-slideshow=\"ab33986\" data-elementor-lightbox-title=\"IMGP1259\" data-e-action-hash=\"#elementor-action%3Aaction%3Dlightbox%26settings%3DeyJpZCI6MjQ3NywidXJsIjoiaHR0cHM6XC9cL3BpZXJyZWRhbGV4aXMuY2hcL3dwLWNvbnRlbnRcL3VwbG9hZHNcLzIwMjFcLzAzXC9JTUdQMTI1OS0xLmpwZWciLCJzbGlkZXNob3ciOiJhYjMzOTg2In0%3D\">\n\t\t\t\t\t<div class=\"e-gallery-image elementor-gallery-item__image\" data-thumbnail=\"https:\/\/ml7vt2c1kbnd.i.optimole.com\/w:300\/h:191\/q:mauto\/g:sm\/f:best\/https:\/\/pierredalexis.ch\/wp-content\/uploads\/2021\/03\/IMGP1259-1.jpeg\" data-width=\"300\" data-height=\"191\" aria-label=\"\" role=\"img\" ><\/div>\n\t\t\t\t\t\t\t\t\t\t\t<div class=\"elementor-gallery-item__overlay\"><\/div>\n\t\t\t\t\t\t\t\t\t\t\t\t\t\t<\/a>\n\t\t\t\t\t\t\t<a class=\"e-gallery-item elementor-gallery-item elementor-animated-content\" href=\"https:\/\/ml7vt2c1kbnd.i.optimole.com\/w:1440\/h:1080\/q:mauto\/g:sm\/f:best\/https:\/\/pierredalexis.ch\/wp-content\/uploads\/2021\/03\/IMGP2076-1.jpeg\" data-elementor-open-lightbox=\"yes\" data-elementor-lightbox-slideshow=\"ab33986\" data-elementor-lightbox-title=\"IMGP2076\" data-e-action-hash=\"#elementor-action%3Aaction%3Dlightbox%26settings%3DeyJpZCI6MjQ3NSwidXJsIjoiaHR0cHM6XC9cL3BpZXJyZWRhbGV4aXMuY2hcL3dwLWNvbnRlbnRcL3VwbG9hZHNcLzIwMjFcLzAzXC9JTUdQMjA3Ni0xLmpwZWciLCJzbGlkZXNob3ciOiJhYjMzOTg2In0%3D\">\n\t\t\t\t\t<div class=\"e-gallery-image elementor-gallery-item__image\" data-thumbnail=\"https:\/\/ml7vt2c1kbnd.i.optimole.com\/w:300\/h:225\/q:mauto\/g:sm\/f:best\/https:\/\/pierredalexis.ch\/wp-content\/uploads\/2021\/03\/IMGP2076-1.jpeg\" data-width=\"300\" data-height=\"225\" aria-label=\"\" role=\"img\" ><\/div>\n\t\t\t\t\t\t\t\t\t\t\t<div class=\"elementor-gallery-item__overlay\"><\/div>\n\t\t\t\t\t\t\t\t\t\t\t\t\t\t<\/a>\n\t\t\t\t\t\t\t<a class=\"e-gallery-item elementor-gallery-item elementor-animated-content\" href=\"https:\/\/ml7vt2c1kbnd.i.optimole.com\/w:1024\/h:768\/q:mauto\/g:sm\/f:best\/https:\/\/pierredalexis.ch\/wp-content\/uploads\/2021\/03\/31.jpeg\" data-elementor-open-lightbox=\"yes\" data-elementor-lightbox-slideshow=\"ab33986\" data-elementor-lightbox-title=\"31\" data-e-action-hash=\"#elementor-action%3Aaction%3Dlightbox%26settings%3DeyJpZCI6MjQ3NCwidXJsIjoiaHR0cHM6XC9cL3BpZXJyZWRhbGV4aXMuY2hcL3dwLWNvbnRlbnRcL3VwbG9hZHNcLzIwMjFcLzAzXC8zMS5qcGVnIiwic2xpZGVzaG93IjoiYWIzMzk4NiJ9\">\n\t\t\t\t\t<div class=\"e-gallery-image elementor-gallery-item__image\" data-thumbnail=\"https:\/\/ml7vt2c1kbnd.i.optimole.com\/w:300\/h:225\/q:mauto\/g:sm\/f:best\/https:\/\/pierredalexis.ch\/wp-content\/uploads\/2021\/03\/31.jpeg\" data-width=\"300\" data-height=\"225\" aria-label=\"\" role=\"img\" ><\/div>\n\t\t\t\t\t\t\t\t\t\t\t<div class=\"elementor-gallery-item__overlay\"><\/div>\n\t\t\t\t\t\t\t\t\t\t\t\t\t\t<\/a>\n\t\t\t\t\t\t\t<a class=\"e-gallery-item elementor-gallery-item elementor-animated-content\" href=\"https:\/\/ml7vt2c1kbnd.i.optimole.com\/w:1440\/h:1080\/q:mauto\/g:sm\/f:best\/https:\/\/pierredalexis.ch\/wp-content\/uploads\/2021\/03\/IMGP1273.jpeg\" data-elementor-open-lightbox=\"yes\" data-elementor-lightbox-slideshow=\"ab33986\" data-elementor-lightbox-title=\"IMGP1273\" data-e-action-hash=\"#elementor-action%3Aaction%3Dlightbox%26settings%3DeyJpZCI6MjQ3MCwidXJsIjoiaHR0cHM6XC9cL3BpZXJyZWRhbGV4aXMuY2hcL3dwLWNvbnRlbnRcL3VwbG9hZHNcLzIwMjFcLzAzXC9JTUdQMTI3My5qcGVnIiwic2xpZGVzaG93IjoiYWIzMzk4NiJ9\">\n\t\t\t\t\t<div class=\"e-gallery-image elementor-gallery-item__image\" data-thumbnail=\"https:\/\/ml7vt2c1kbnd.i.optimole.com\/w:300\/h:225\/q:mauto\/g:sm\/f:best\/https:\/\/pierredalexis.ch\/wp-content\/uploads\/2021\/03\/IMGP1273.jpeg\" data-width=\"300\" data-height=\"225\" aria-label=\"\" role=\"img\" ><\/div>\n\t\t\t\t\t\t\t\t\t\t\t<div class=\"elementor-gallery-item__overlay\"><\/div>\n\t\t\t\t\t\t\t\t\t\t\t\t\t\t<\/a>\n\t\t\t\t\t\t\t<a class=\"e-gallery-item elementor-gallery-item elementor-animated-content\" href=\"https:\/\/ml7vt2c1kbnd.i.optimole.com\/w:1440\/h:1080\/q:mauto\/g:sm\/f:best\/https:\/\/pierredalexis.ch\/wp-content\/uploads\/2021\/03\/IMGP1560.jpeg\" data-elementor-open-lightbox=\"yes\" data-elementor-lightbox-slideshow=\"ab33986\" data-elementor-lightbox-title=\"IMGP1560\" data-e-action-hash=\"#elementor-action%3Aaction%3Dlightbox%26settings%3DeyJpZCI6MjQ2OCwidXJsIjoiaHR0cHM6XC9cL3BpZXJyZWRhbGV4aXMuY2hcL3dwLWNvbnRlbnRcL3VwbG9hZHNcLzIwMjFcLzAzXC9JTUdQMTU2MC5qcGVnIiwic2xpZGVzaG93IjoiYWIzMzk4NiJ9\">\n\t\t\t\t\t<div class=\"e-gallery-image elementor-gallery-item__image\" data-thumbnail=\"https:\/\/ml7vt2c1kbnd.i.optimole.com\/w:300\/h:225\/q:mauto\/g:sm\/f:best\/https:\/\/pierredalexis.ch\/wp-content\/uploads\/2021\/03\/IMGP1560.jpeg\" data-width=\"300\" data-height=\"225\" aria-label=\"\" role=\"img\" ><\/div>\n\t\t\t\t\t\t\t\t\t\t\t<div class=\"elementor-gallery-item__overlay\"><\/div>\n\t\t\t\t\t\t\t\t\t\t\t\t\t\t<\/a>\n\t\t\t\t\t<\/div>\n\t\t\t\t\t<\/div>\n\t\t\t\t<\/div>\n\t\t\t\t<div class=\"elementor-element elementor-element-5a7a7d2 elementor-nav-menu__align-center elementor-nav-menu--dropdown-none elementor-widget elementor-widget-nav-menu\" data-id=\"5a7a7d2\" data-element_type=\"widget\" data-e-type=\"widget\" data-settings=\"{&quot;layout&quot;:&quot;horizontal&quot;,&quot;submenu_icon&quot;:{&quot;value&quot;:&quot;&lt;i class=\\&quot;fas fa-caret-down\\&quot; aria-hidden=\\&quot;true\\&quot;&gt;&lt;\\\/i&gt;&quot;,&quot;library&quot;:&quot;fa-solid&quot;}}\" data-widget_type=\"nav-menu.default\">\n\t\t\t\t<div class=\"elementor-widget-container\">\n\t\t\t\t\t\t\t\t<nav aria-label=\"Menu\" class=\"elementor-nav-menu--main elementor-nav-menu__container elementor-nav-menu--layout-horizontal e--pointer-underline e--animation-fade\">\n\t\t\t\t<ul id=\"menu-1-5a7a7d2\" class=\"elementor-nav-menu\"><li class=\"menu-item menu-item-type-post_type menu-item-object-page menu-item-3366\"><a href=\"https:\/\/pierredalexis.ch\/en\/creations\/la-collection\/\" class=\"elementor-item menu-link\">La collection<\/a><\/li>\n<li class=\"menu-item menu-item-type-post_type menu-item-object-page menu-item-3367\"><a href=\"https:\/\/pierredalexis.ch\/en\/creations\/les-alliances\/\" class=\"elementor-item menu-link\">Les Alliances<\/a><\/li>\n<li class=\"menu-item menu-item-type-post_type menu-item-object-page menu-item-3369\"><a href=\"https:\/\/pierredalexis.ch\/en\/creations\/sur-mesure\/\" class=\"elementor-item menu-link\">Sur Mesure<\/a><\/li>\n<li class=\"menu-item menu-item-type-post_type menu-item-object-page menu-item-3368\"><a href=\"https:\/\/pierredalexis.ch\/en\/creations\/rose-de-mine\/\" class=\"elementor-item menu-link\">Rose de mine<\/a><\/li>\n<\/ul>\t\t\t<\/nav>\n\t\t\t\t\t\t<nav class=\"elementor-nav-menu--dropdown elementor-nav-menu__container\" aria-hidden=\"true\">\n\t\t\t\t<ul id=\"menu-2-5a7a7d2\" class=\"elementor-nav-menu\"><li class=\"menu-item menu-item-type-post_type menu-item-object-page menu-item-3366\"><a href=\"https:\/\/pierredalexis.ch\/en\/creations\/la-collection\/\" class=\"elementor-item menu-link\" tabindex=\"-1\">La collection<\/a><\/li>\n<li class=\"menu-item menu-item-type-post_type menu-item-object-page menu-item-3367\"><a href=\"https:\/\/pierredalexis.ch\/en\/creations\/les-alliances\/\" class=\"elementor-item menu-link\" tabindex=\"-1\">Les Alliances<\/a><\/li>\n<li class=\"menu-item menu-item-type-post_type menu-item-object-page menu-item-3369\"><a href=\"https:\/\/pierredalexis.ch\/en\/creations\/sur-mesure\/\" class=\"elementor-item menu-link\" tabindex=\"-1\">Sur Mesure<\/a><\/li>\n<li class=\"menu-item menu-item-type-post_type menu-item-object-page menu-item-3368\"><a href=\"https:\/\/pierredalexis.ch\/en\/creations\/rose-de-mine\/\" class=\"elementor-item menu-link\" tabindex=\"-1\">Rose de mine<\/a><\/li>\n<\/ul>\t\t\t<\/nav>\n\t\t\t\t\t\t<\/div>\n\t\t\t\t<\/div>\n\t\t\t\t\t<\/div>\n\t\t<\/div>\n\t\t\t\t\t<\/div>\n\t\t<\/section>\n\t\t\t\t<\/div>\n\t\t","protected":false},"excerpt":{"rendered":"<p>les alliances Le symbole de votre union PIERRE d&rsquo;ALEXIS r\u00e9alise pour vous des alliances uniques et tr\u00e8s personnalis\u00e9es. Une exp\u00e9rience cr\u00e9atrice au cours \u00a0de laquelle vous devrez trouver ensemble ce qui vous rapproche et d\u00e9fini votre couple. Tout au long de ce processus PIERRE d&rsquo;ALEXIS veillera \u00e0 traduire vos id\u00e9es en projets, puis concevra VOS [&hellip;]<\/p>\n","protected":false},"author":4,"featured_media":0,"parent":1292,"menu_order":0,"comment_status":"closed","ping_status":"closed","template":"elementor_header_footer","meta":{"_seopress_robots_primary_cat":"","_seopress_titles_title":"PIERRE d\u2019ALEXIS - Les alliances","_seopress_titles_desc":"PIERRE d\u2019ALEXIS r\u00e9alise pour vous des alliances uniques et tr\u00e8s personnalis\u00e9es. Le symbole de votre union","_seopress_robots_index":"","site-sidebar-layout":"no-sidebar","site-content-layout":"page-builder","ast-site-content-layout":"default","site-content-style":"default","site-sidebar-style":"default","ast-global-header-display":"","ast-banner-title-visibility":"","ast-main-header-display":"","ast-hfb-above-header-display":"","ast-hfb-below-header-display":"","ast-hfb-mobile-header-display":"","site-post-title":"","ast-breadcrumbs-content":"","ast-featured-img":"","footer-sml-layout":"","ast-disable-related-posts":"","theme-transparent-header-meta":"default","adv-header-id-meta":"","stick-header-meta":"","header-above-stick-meta":"","header-main-stick-meta":"","header-below-stick-meta":"","astra-migrate-meta-layouts":"default","ast-page-background-enabled":"default","ast-page-background-meta":{"desktop":{"background-color":"","background-image":"","background-repeat":"repeat","background-position":"center center","background-size":"auto","background-attachment":"scroll","background-type":"","background-media":"","overlay-type":"","overlay-color":"","overlay-opacity":"","overlay-gradient":""},"tablet":{"background-color":"","background-image":"","background-repeat":"repeat","background-position":"center center","background-size":"auto","background-attachment":"scroll","background-type":"","background-media":"","overlay-type":"","overlay-color":"","overlay-opacity":"","overlay-gradient":""},"mobile":{"background-color":"","background-image":"","background-repeat":"repeat","background-position":"center center","background-size":"auto","background-attachment":"scroll","background-type":"","background-media":"","overlay-type":"","overlay-color":"","overlay-opacity":"","overlay-gradient":""}},"ast-content-background-meta":{"desktop":{"background-color":"var(--ast-global-color-5)","background-image":"","background-repeat":"repeat","background-position":"center center","background-size":"auto","background-attachment":"scroll","background-type":"","background-media":"","overlay-type":"","overlay-color":"","overlay-opacity":"","overlay-gradient":""},"tablet":{"background-color":"var(--ast-global-color-5)","background-image":"","background-repeat":"repeat","background-position":"center center","background-size":"auto","background-attachment":"scroll","background-type":"","background-media":"","overlay-type":"","overlay-color":"","overlay-opacity":"","overlay-gradient":""},"mobile":{"background-color":"var(--ast-global-color-5)","background-image":"","background-repeat":"repeat","background-position":"center center","background-size":"auto","background-attachment":"scroll","background-type":"","background-media":"","overlay-type":"","overlay-color":"","overlay-opacity":"","overlay-gradient":""}},"footnotes":""},"class_list":["post-1312","page","type-page","status-publish","hentry"],"_links":{"self":[{"href":"https:\/\/pierredalexis.ch\/en\/wp-json\/wp\/v2\/pages\/1312","targetHints":{"allow":["GET"]}}],"collection":[{"href":"https:\/\/pierredalexis.ch\/en\/wp-json\/wp\/v2\/pages"}],"about":[{"href":"https:\/\/pierredalexis.ch\/en\/wp-json\/wp\/v2\/types\/page"}],"author":[{"embeddable":true,"href":"https:\/\/pierredalexis.ch\/en\/wp-json\/wp\/v2\/users\/4"}],"replies":[{"embeddable":true,"href":"https:\/\/pierredalexis.ch\/en\/wp-json\/wp\/v2\/comments?post=1312"}],"version-history":[{"count":0,"href":"https:\/\/pierredalexis.ch\/en\/wp-json\/wp\/v2\/pages\/1312\/revisions"}],"up":[{"embeddable":true,"href":"https:\/\/pierredalexis.ch\/en\/wp-json\/wp\/v2\/pages\/1292"}],"wp:attachment":[{"href":"https:\/\/pierredalexis.ch\/en\/wp-json\/wp\/v2\/media?parent=1312"}],"curies":[{"name":"wp","href":"https:\/\/api.w.org\/{rel}","templated":true}]}}