{"id":370,"date":"2018-11-29T18:30:02","date_gmt":"2018-11-29T17:30:02","guid":{"rendered":"http:\/\/rf04ltvsv.preview.infomaniak.website\/?page_id=370"},"modified":"2022-07-02T15:42:51","modified_gmt":"2022-07-02T13:42:51","slug":"philosophy","status":"publish","type":"page","link":"https:\/\/pierredalexis.ch\/en\/philosophie\/","title":{"rendered":"Philosophy"},"content":{"rendered":"\t\t<div data-elementor-type=\"wp-post\" data-elementor-id=\"370\" class=\"elementor elementor-370\" data-elementor-post-type=\"page\">\n\t\t\t\t\t\t<section class=\"elementor-section elementor-top-section elementor-element elementor-element-79feaf47 elementor-section-full_width elementor-section-height-default elementor-section-height-default\" data-id=\"79feaf47\" data-element_type=\"section\" data-e-type=\"section\" data-settings=\"{&quot;background_background&quot;:&quot;classic&quot;}\">\n\t\t\t\t\t\t<div class=\"elementor-container elementor-column-gap-default\">\n\t\t\t\t\t<div class=\"elementor-column elementor-col-50 elementor-top-column elementor-element elementor-element-295f303c\" data-id=\"295f303c\" data-element_type=\"column\" data-e-type=\"column\" data-settings=\"{&quot;background_background&quot;:&quot;classic&quot;}\">\n\t\t\t<div class=\"elementor-widget-wrap elementor-element-populated\">\n\t\t\t\t\t\t<div class=\"elementor-element elementor-element-6f5d9bd4 elementor-widget elementor-widget-image\" data-id=\"6f5d9bd4\" data-element_type=\"widget\" data-e-type=\"widget\" data-settings=\"{&quot;sticky&quot;:&quot;top&quot;,&quot;sticky_on&quot;:[&quot;desktop&quot;,&quot;tablet&quot;],&quot;sticky_parent&quot;:&quot;yes&quot;,&quot;sticky_offset&quot;:0,&quot;sticky_effects_offset&quot;:0,&quot;sticky_anchor_link_offset&quot;:0}\" data-widget_type=\"image.default\">\n\t\t\t\t<div class=\"elementor-widget-container\">\n\t\t\t\t\t\t\t\t\t\t\t\t\t\t\t<img data-opt-id=1042343172  fetchpriority=\"high\" decoding=\"async\" width=\"848\" height=\"679\" src=\"https:\/\/ml7vt2c1kbnd.i.optimole.com\/w:848\/h:679\/q:mauto\/g:sm\/f:best\/https:\/\/pierredalexis.ch\/wp-content\/uploads\/site_pa\/Pages\/Philosophie-848x679.png\" class=\"attachment-full size-full wp-image-1459\" alt=\"Philosophie PIERRE d&#039;ALEXIS\" srcset=\"https:\/\/ml7vt2c1kbnd.i.optimole.com\/w:848\/h:679\/q:mauto\/g:sm\/f:best\/https:\/\/pierredalexis.ch\/wp-content\/uploads\/site_pa\/Pages\/Philosophie-848x679.png 848w, https:\/\/ml7vt2c1kbnd.i.optimole.com\/w:300\/h:240\/q:mauto\/g:sm\/f:best\/https:\/\/pierredalexis.ch\/wp-content\/uploads\/site_pa\/Pages\/Philosophie-848x679.png 300w, https:\/\/ml7vt2c1kbnd.i.optimole.com\/w:768\/h:615\/q:mauto\/g:sm\/f:best\/https:\/\/pierredalexis.ch\/wp-content\/uploads\/site_pa\/Pages\/Philosophie-848x679.png 768w\" sizes=\"(max-width: 848px) 100vw, 848px\" \/>\t\t\t\t\t\t\t\t\t\t\t\t\t\t\t<\/div>\n\t\t\t\t<\/div>\n\t\t\t\t\t<\/div>\n\t\t<\/div>\n\t\t\t\t<div class=\"elementor-column elementor-col-50 elementor-top-column elementor-element elementor-element-16cbe9de\" data-id=\"16cbe9de\" data-element_type=\"column\" data-e-type=\"column\">\n\t\t\t<div class=\"elementor-widget-wrap elementor-element-populated\">\n\t\t\t\t\t\t<div class=\"elementor-element elementor-element-144ea280 elementor-widget elementor-widget-heading\" data-id=\"144ea280\" data-element_type=\"widget\" data-e-type=\"widget\" data-widget_type=\"heading.default\">\n\t\t\t\t<div class=\"elementor-widget-container\">\n\t\t\t\t\t<h1 class=\"elementor-heading-title elementor-size-default\">Philosophie<\/h1>\t\t\t\t<\/div>\n\t\t\t\t<\/div>\n\t\t\t\t<div class=\"elementor-element elementor-element-2fa7b961 elementor-widget-divider--view-line elementor-widget elementor-widget-divider\" data-id=\"2fa7b961\" data-element_type=\"widget\" data-e-type=\"widget\" data-widget_type=\"divider.default\">\n\t\t\t\t<div class=\"elementor-widget-container\">\n\t\t\t\t\t\t\t<div class=\"elementor-divider\">\n\t\t\t<span class=\"elementor-divider-separator\">\n\t\t\t\t\t\t<\/span>\n\t\t<\/div>\n\t\t\t\t\t\t<\/div>\n\t\t\t\t<\/div>\n\t\t\t\t<div class=\"elementor-element elementor-element-7c59d5e2 elementor-widget elementor-widget-text-editor\" data-id=\"7c59d5e2\" data-element_type=\"widget\" data-e-type=\"widget\" data-widget_type=\"text-editor.default\">\n\t\t\t\t<div class=\"elementor-widget-container\">\n\t\t\t\t\t\t\t\t\tUne haute id\u00e9e du m\u00e9tier\t\t\t\t\t\t\t\t<\/div>\n\t\t\t\t<\/div>\n\t\t\t\t<div class=\"elementor-element elementor-element-a4b1915 elementor-widget elementor-widget-text-editor\" data-id=\"a4b1915\" data-element_type=\"widget\" data-e-type=\"widget\" data-widget_type=\"text-editor.default\">\n\t\t\t\t<div class=\"elementor-widget-container\">\n\t\t\t\t\t\t\t\t\tUne marque de luxe aux valeurs essentielles\n<ul>\n \t<li>L&rsquo;originalit\u00e9<\/li>\n \t<li>La qualit\u00e9<\/li>\n \t<li>L&rsquo;authenticit\u00e9<\/li>\n \t<li>L&rsquo;\u00e9thique<\/li>\n<\/ul>\t\t\t\t\t\t\t\t<\/div>\n\t\t\t\t<\/div>\n\t\t\t\t<div class=\"elementor-element elementor-element-2419059 elementor-widget elementor-widget-heading\" data-id=\"2419059\" data-element_type=\"widget\" data-e-type=\"widget\" data-widget_type=\"heading.default\">\n\t\t\t\t<div class=\"elementor-widget-container\">\n\t\t\t\t\t<h2 class=\"elementor-heading-title elementor-size-default\">PIERRE d'ALEXIS est une marque de bijoux  suisse.<\/h2>\t\t\t\t<\/div>\n\t\t\t\t<\/div>\n\t\t\t\t<div class=\"elementor-element elementor-element-1c912f59 elementor-widget elementor-widget-text-editor\" data-id=\"1c912f59\" data-element_type=\"widget\" data-e-type=\"widget\" data-widget_type=\"text-editor.default\">\n\t\t\t\t<div class=\"elementor-widget-container\">\n\t\t\t\t\t\t\t\t\t<p>Elle s&rsquo;inscrit dans la continuit\u00e9 d&rsquo;une entreprise familiale dont la d\u00e9marche est nourrie par la passion pour ce m\u00e9tier du bijoutier-joaillier Gr\u00e9goire Maret.<\/p><p>La philosophie de PIERRE d&rsquo;ALEXIS est de promouvoir la recherche esth\u00e9tique et technique gr\u00e2ce \u00e0 un savoir-faire suisse, pour des cr\u00e9ations 100% faites main, du design au bijou fini, r\u00e9alis\u00e9es en Suisse, dans le respect humain et environnemental.<\/p><p>En tant qu&rsquo;entreprise formatrice, PIERRE d&rsquo;ALEXIS transmet ces valeurs \u00e0 la nouvelle g\u00e9n\u00e9ration de bijoutiers.<\/p>\t\t\t\t\t\t\t\t<\/div>\n\t\t\t\t<\/div>\n\t\t\t\t<div class=\"elementor-element elementor-element-15d2c88 elementor-nav-menu__align-center elementor-nav-menu--dropdown-none elementor-widget elementor-widget-nav-menu\" data-id=\"15d2c88\" data-element_type=\"widget\" data-e-type=\"widget\" data-settings=\"{&quot;layout&quot;:&quot;horizontal&quot;,&quot;submenu_icon&quot;:{&quot;value&quot;:&quot;&lt;i class=\\&quot;fas fa-caret-down\\&quot; aria-hidden=\\&quot;true\\&quot;&gt;&lt;\\\/i&gt;&quot;,&quot;library&quot;:&quot;fa-solid&quot;}}\" data-widget_type=\"nav-menu.default\">\n\t\t\t\t<div class=\"elementor-widget-container\">\n\t\t\t\t\t\t\t\t<nav aria-label=\"Menu\" class=\"elementor-nav-menu--main elementor-nav-menu__container elementor-nav-menu--layout-horizontal e--pointer-underline e--animation-fade\">\n\t\t\t\t<ul id=\"menu-1-15d2c88\" class=\"elementor-nav-menu\"><li class=\"menu-item menu-item-type-post_type menu-item-object-page menu-item-3247\"><a href=\"https:\/\/pierredalexis.ch\/en\/artiste\/\" class=\"elementor-item menu-link\">L\u2019Artiste<\/a><\/li>\n<li class=\"menu-item menu-item-type-post_type menu-item-object-page menu-item-3248\"><a href=\"https:\/\/pierredalexis.ch\/en\/philosophie\/\" class=\"elementor-item menu-link\">Philosophie<\/a><\/li>\n<li class=\"menu-item menu-item-type-post_type menu-item-object-page menu-item-3246\"><a href=\"https:\/\/pierredalexis.ch\/en\/historique\/\" class=\"elementor-item menu-link\">Historique<\/a><\/li>\n<\/ul>\t\t\t<\/nav>\n\t\t\t\t\t\t<nav class=\"elementor-nav-menu--dropdown elementor-nav-menu__container\" aria-hidden=\"true\">\n\t\t\t\t<ul id=\"menu-2-15d2c88\" class=\"elementor-nav-menu\"><li class=\"menu-item menu-item-type-post_type menu-item-object-page menu-item-3247\"><a href=\"https:\/\/pierredalexis.ch\/en\/artiste\/\" class=\"elementor-item menu-link\" tabindex=\"-1\">L\u2019Artiste<\/a><\/li>\n<li class=\"menu-item menu-item-type-post_type menu-item-object-page menu-item-3248\"><a href=\"https:\/\/pierredalexis.ch\/en\/philosophie\/\" class=\"elementor-item menu-link\" tabindex=\"-1\">Philosophie<\/a><\/li>\n<li class=\"menu-item menu-item-type-post_type menu-item-object-page menu-item-3246\"><a href=\"https:\/\/pierredalexis.ch\/en\/historique\/\" class=\"elementor-item menu-link\" tabindex=\"-1\">Historique<\/a><\/li>\n<\/ul>\t\t\t<\/nav>\n\t\t\t\t\t\t<\/div>\n\t\t\t\t<\/div>\n\t\t\t\t\t<\/div>\n\t\t<\/div>\n\t\t\t\t\t<\/div>\n\t\t<\/section>\n\t\t\t\t<\/div>\n\t\t","protected":false},"excerpt":{"rendered":"<p>Philosophie Une haute id\u00e9e du m\u00e9tierUne marque de luxe aux valeurs essentielles L&rsquo;originalit\u00e9 La qualit\u00e9 L&rsquo;authenticit\u00e9 L&rsquo;\u00e9thique PIERRE d&rsquo;ALEXIS est une marque de bijoux suisse. Elle s&rsquo;inscrit dans la continuit\u00e9 d&rsquo;une entreprise familiale dont la d\u00e9marche est nourrie par la passion pour ce m\u00e9tier du bijoutier-joaillier Gr\u00e9goire Maret. La philosophie de PIERRE d&rsquo;ALEXIS est de [&hellip;]<\/p>\n","protected":false},"author":1,"featured_media":1437,"parent":0,"menu_order":0,"comment_status":"closed","ping_status":"closed","template":"elementor_theme","meta":{"_seopress_robots_primary_cat":"","_seopress_titles_title":"La philosophie PIERRE d&#039;ALEXIS","_seopress_titles_desc":"Notre philosophie est de promouvoir la recherche esth\u00e9tique et technique gr\u00e2ce \u00e0 un savoir-faire suisse.","_seopress_robots_index":"","site-sidebar-layout":"default","site-content-layout":"default","ast-site-content-layout":"default","site-content-style":"default","site-sidebar-style":"default","ast-global-header-display":"","ast-banner-title-visibility":"","ast-main-header-display":"disabled","ast-hfb-above-header-display":"","ast-hfb-below-header-display":"","ast-hfb-mobile-header-display":"disabled","site-post-title":"disabled","ast-breadcrumbs-content":"disabled","ast-featured-img":"disabled","footer-sml-layout":"disabled","ast-disable-related-posts":"","theme-transparent-header-meta":"default","adv-header-id-meta":"","stick-header-meta":"","header-above-stick-meta":"","header-main-stick-meta":"","header-below-stick-meta":"","astra-migrate-meta-layouts":"default","ast-page-background-enabled":"default","ast-page-background-meta":{"desktop":{"background-color":"","background-image":"","background-repeat":"repeat","background-position":"center center","background-size":"auto","background-attachment":"scroll","background-type":"","background-media":"","overlay-type":"","overlay-color":"","overlay-opacity":"","overlay-gradient":""},"tablet":{"background-color":"","background-image":"","background-repeat":"repeat","background-position":"center center","background-size":"auto","background-attachment":"scroll","background-type":"","background-media":"","overlay-type":"","overlay-color":"","overlay-opacity":"","overlay-gradient":""},"mobile":{"background-color":"","background-image":"","background-repeat":"repeat","background-position":"center center","background-size":"auto","background-attachment":"scroll","background-type":"","background-media":"","overlay-type":"","overlay-color":"","overlay-opacity":"","overlay-gradient":""}},"ast-content-background-meta":{"desktop":{"background-color":"var(--ast-global-color-5)","background-image":"","background-repeat":"repeat","background-position":"center center","background-size":"auto","background-attachment":"scroll","background-type":"","background-media":"","overlay-type":"","overlay-color":"","overlay-opacity":"","overlay-gradient":""},"tablet":{"background-color":"var(--ast-global-color-5)","background-image":"","background-repeat":"repeat","background-position":"center center","background-size":"auto","background-attachment":"scroll","background-type":"","background-media":"","overlay-type":"","overlay-color":"","overlay-opacity":"","overlay-gradient":""},"mobile":{"background-color":"var(--ast-global-color-5)","background-image":"","background-repeat":"repeat","background-position":"center center","background-size":"auto","background-attachment":"scroll","background-type":"","background-media":"","overlay-type":"","overlay-color":"","overlay-opacity":"","overlay-gradient":""}},"footnotes":""},"class_list":["post-370","page","type-page","status-publish","has-post-thumbnail","hentry"],"_links":{"self":[{"href":"https:\/\/pierredalexis.ch\/en\/wp-json\/wp\/v2\/pages\/370","targetHints":{"allow":["GET"]}}],"collection":[{"href":"https:\/\/pierredalexis.ch\/en\/wp-json\/wp\/v2\/pages"}],"about":[{"href":"https:\/\/pierredalexis.ch\/en\/wp-json\/wp\/v2\/types\/page"}],"author":[{"embeddable":true,"href":"https:\/\/pierredalexis.ch\/en\/wp-json\/wp\/v2\/users\/1"}],"replies":[{"embeddable":true,"href":"https:\/\/pierredalexis.ch\/en\/wp-json\/wp\/v2\/comments?post=370"}],"version-history":[{"count":0,"href":"https:\/\/pierredalexis.ch\/en\/wp-json\/wp\/v2\/pages\/370\/revisions"}],"wp:featuredmedia":[{"embeddable":true,"href":"https:\/\/pierredalexis.ch\/en\/wp-json\/wp\/v2\/media\/1437"}],"wp:attachment":[{"href":"https:\/\/pierredalexis.ch\/en\/wp-json\/wp\/v2\/media?parent=370"}],"curies":[{"name":"wp","href":"https:\/\/api.w.org\/{rel}","templated":true}]}}