{"id":3930,"date":"2021-11-28T17:00:25","date_gmt":"2021-11-28T16:00:25","guid":{"rendered":"https:\/\/test.pierredalexis.ch\/?page_id=3930"},"modified":"2021-12-01T18:10:57","modified_gmt":"2021-12-01T17:10:57","slug":"protection-des-donnees-et-politique-sur-les-cookies","status":"publish","type":"page","link":"https:\/\/pierredalexis.ch\/en\/protection-des-donnees-et-politique-sur-les-cookies\/","title":{"rendered":"Data protection and cookie policy (In French)"},"content":{"rendered":"\t\t<div data-elementor-type=\"wp-page\" data-elementor-id=\"3930\" class=\"elementor elementor-3930\" data-elementor-post-type=\"page\">\n\t\t\t\t\t\t<section class=\"elementor-section elementor-top-section elementor-element elementor-element-1c3b1c9 elementor-section-boxed elementor-section-height-default elementor-section-height-default\" data-id=\"1c3b1c9\" data-element_type=\"section\" data-e-type=\"section\" data-settings=\"{&quot;background_background&quot;:&quot;classic&quot;}\">\n\t\t\t\t\t\t<div class=\"elementor-container elementor-column-gap-default\">\n\t\t\t\t\t<div class=\"elementor-column elementor-col-100 elementor-top-column elementor-element elementor-element-e448cae\" data-id=\"e448cae\" data-element_type=\"column\" data-e-type=\"column\">\n\t\t\t<div class=\"elementor-widget-wrap elementor-element-populated\">\n\t\t\t\t\t\t<div class=\"elementor-element elementor-element-5902054 elementor-widget elementor-widget-heading\" data-id=\"5902054\" data-element_type=\"widget\" data-e-type=\"widget\" data-widget_type=\"heading.default\">\n\t\t\t\t<div class=\"elementor-widget-container\">\n\t\t\t\t\t<h2 class=\"elementor-heading-title elementor-size-default\">Protection des donn\u00e9es et politique sur  les cookies<\/h2>\t\t\t\t<\/div>\n\t\t\t\t<\/div>\n\t\t\t\t<div class=\"elementor-element elementor-element-29ce370 elementor-widget elementor-widget-html\" data-id=\"29ce370\" data-element_type=\"widget\" data-e-type=\"widget\" data-widget_type=\"html.default\">\n\t\t\t\t<div class=\"elementor-widget-container\">\n\t\t\t\t\t<p>\r\n<b>Protection des donn\u00e9es et politique sur les cookies<\/b><br>\r\nLa pr\u00e9sente politique de confidentialit\u00e9 \u00e9nonce la fa\u00e7on dont ce site Web (\u00ab le Shop\u00bb) utilise et prot\u00e8ge toute information que vous fournissez au Shop pendant son utilisation. Le Shop est soucieux d'assurer la protection de votre vie priv\u00e9e. Si nous vous demandons de fournir certains renseignements qui vous identifient lorsque vous utilisez ce site Web, vous pouvez \u00eatre assur\u00e9 qu'ils ne seront utilis\u00e9s que conform\u00e9ment \u00e0 la pr\u00e9sente politique de confidentialit\u00e9. Le Shop se r\u00e9serve le droit de modifier la politique de temps \u00e0 autre en mettant \u00e0 jour cette page. Par cons\u00e9quent, consultez cette page de temps en temps pour vous assurer que vous \u00eates d'accord avec tout changement.\r\n<br><br>\r\n<b>Ce que nous collectons<\/b><br>\r\nDonn\u00e9es  personnelles<br>\r\nInformations sur la situation du client afin qu'une commande puisse \u00eatre livr\u00e9e correctement.<br>\r\no\tNom, pr\u00e9noms, Adresse postale<br>\r\no\tCoordonn\u00e9es, y compris l'adresse e-mail et le num\u00e9ro de t\u00e9l\u00e9phone\r\n<br><br>\r\n<b>Ce que nous faisons avec les informations que nous recueillons<\/b><br>\r\nNous utilisons ces donn\u00e9es pour traiter votre commande par notre service, pour l'administration technique et pour notre propre marketing. \r\n<br><br>\r\nVous pouvez recevoir des Newsletters de notre part par courriel au sujet de nouveaux produits, d'offres sp\u00e9ciales ou d'autres renseignements qui pourraient vous int\u00e9resser. Vous pouvez supprimer ce service \u00e0 tout moment ou le r\u00e9activer sur demande soit en cliquant sur la Newsletter, soit en nous \u00e9crivant \u00e0 l'adresse mail info@pierredalexis.ch\r\n<br><br>\r\n<b>S\u00fbret\u00e9 et s\u00e9curit\u00e9<\/b><br>\r\nNous nous effor\u00e7ons d'assurer la s\u00e9curit\u00e9 de vos donn\u00e9es. Afin d'emp\u00eacher l'acc\u00e8s ou la divulgation non autoris\u00e9s, nous avons mis en place des proc\u00e9dures physiques, \u00e9lectroniques et de gestion appropri\u00e9e pour prot\u00e9ger et s\u00e9curiser les informations que nous recueillons en ligne.\r\n<br><br>\r\n<b>Consentement<\/b><br>\r\nSi vous vous inscrivez en tant que client, \u00e0 l'occasion d'une commande ou d'une visite, vous acceptez nos termes et conditions. En acceptant ceci, vous acceptez de nous accorder les droits suivants :<br>\r\no\tL'\u00e9valuation statistique de vos visites : la navigation, la dur\u00e9e, les pages visit\u00e9es, les achats, afin d'affiner notre offre L'analyse comparative par des tiers sp\u00e9cialis\u00e9s tels que Google Analytics<br>\r\no\tEnvoi d'informations par le biais d'un bulletin d'information avec des promotions s\u00e9lectionn\u00e9es\r\n<br><br>\r\nNous ne vendrons, ne distribuerons ni ne louerons vos renseignements personnels \u00e0 des tiers \u00e0 moins que la loi ne nous y oblige ou que le transfert soit n\u00e9cessaire pour fournir le service et que nous ayons votre permission.<br>\r\nNous pouvons utiliser vos renseignements personnels pour vous envoyer des renseignements promotionnels.<br>\r\nVous pouvez demander des d\u00e9tails sur les renseignements personnels que nous d\u00e9tenons \u00e0 votre sujet en vertu de la Loi de 1998 sur la protection des donn\u00e9es. Il y a une petite charge. Si vous souhaitez obtenir une copie des informations stock\u00e9es \u00e0 votre sujet, veuillez nous envoyer un e-mail avec cette demande via nos coordonn\u00e9es info[at]pierredalexis.ch.<br>\r\nSi vous croyez que les renseignements que nous d\u00e9tenons \u00e0 votre sujet sont inexacts ou incomplets, veuillez nous \u00e9crire ou nous envoyer un courriel \u00e0 l'adresse ci-dessus d\u00e8s que possible. Nous corrigerons rapidement toute information jug\u00e9e inexacte.\r\n<br><br>\r\n<b>Clause de non-responsabilit\u00e9<\/b><br>\r\nAucune demande de dommages et int\u00e9r\u00eats ne peut \u00eatre faite si le service demand\u00e9 ne peut \u00eatre fourni, si le contrat n'est pas respect\u00e9, ou pour toute autre erreur.\r\n<br><br>\r\n<b>Lieu de juridiction<\/b><br>\r\nLes relations contractuelles entre le client et PIERRE d'ALEXIS SA sont soumises exclusivement au droit suisse. En cas de litige, le for juridique est \u00e0 Martigny\r\n<\/p>\t\t\t\t<\/div>\n\t\t\t\t<\/div>\n\t\t\t\t\t<\/div>\n\t\t<\/div>\n\t\t\t\t\t<\/div>\n\t\t<\/section>\n\t\t\t\t<\/div>\n\t\t","protected":false},"excerpt":{"rendered":"<p>Protection des donn\u00e9es et politique sur les cookies Protection des donn\u00e9es et politique sur les cookies La pr\u00e9sente politique de confidentialit\u00e9 \u00e9nonce la fa\u00e7on dont ce site Web (\u00ab le Shop\u00bb) utilise et prot\u00e8ge toute information que vous fournissez au Shop pendant son utilisation. Le Shop est soucieux d&rsquo;assurer la protection de votre vie priv\u00e9e. [&hellip;]<\/p>\n","protected":false},"author":1,"featured_media":0,"parent":0,"menu_order":0,"comment_status":"closed","ping_status":"closed","template":"","meta":{"_seopress_robots_primary_cat":"","_seopress_titles_title":"","_seopress_titles_desc":"","_seopress_robots_index":"yes","site-sidebar-layout":"no-sidebar","site-content-layout":"page-builder","ast-site-content-layout":"default","site-content-style":"default","site-sidebar-style":"default","ast-global-header-display":"","ast-banner-title-visibility":"","ast-main-header-display":"","ast-hfb-above-header-display":"","ast-hfb-below-header-display":"","ast-hfb-mobile-header-display":"","site-post-title":"disabled","ast-breadcrumbs-content":"","ast-featured-img":"disabled","footer-sml-layout":"","ast-disable-related-posts":"","theme-transparent-header-meta":"default","adv-header-id-meta":"","stick-header-meta":"","header-above-stick-meta":"","header-main-stick-meta":"","header-below-stick-meta":"","astra-migrate-meta-layouts":"default","ast-page-background-enabled":"default","ast-page-background-meta":{"desktop":{"background-color":"","background-image":"","background-repeat":"repeat","background-position":"center center","background-size":"auto","background-attachment":"scroll","background-type":"","background-media":"","overlay-type":"","overlay-color":"","overlay-opacity":"","overlay-gradient":""},"tablet":{"background-color":"","background-image":"","background-repeat":"repeat","background-position":"center center","background-size":"auto","background-attachment":"scroll","background-type":"","background-media":"","overlay-type":"","overlay-color":"","overlay-opacity":"","overlay-gradient":""},"mobile":{"background-color":"","background-image":"","background-repeat":"repeat","background-position":"center center","background-size":"auto","background-attachment":"scroll","background-type":"","background-media":"","overlay-type":"","overlay-color":"","overlay-opacity":"","overlay-gradient":""}},"ast-content-background-meta":{"desktop":{"background-color":"var(--ast-global-color-5)","background-image":"","background-repeat":"repeat","background-position":"center center","background-size":"auto","background-attachment":"scroll","background-type":"","background-media":"","overlay-type":"","overlay-color":"","overlay-opacity":"","overlay-gradient":""},"tablet":{"background-color":"var(--ast-global-color-5)","background-image":"","background-repeat":"repeat","background-position":"center center","background-size":"auto","background-attachment":"scroll","background-type":"","background-media":"","overlay-type":"","overlay-color":"","overlay-opacity":"","overlay-gradient":""},"mobile":{"background-color":"var(--ast-global-color-5)","background-image":"","background-repeat":"repeat","background-position":"center center","background-size":"auto","background-attachment":"scroll","background-type":"","background-media":"","overlay-type":"","overlay-color":"","overlay-opacity":"","overlay-gradient":""}},"footnotes":""},"class_list":["post-3930","page","type-page","status-publish","hentry"],"_links":{"self":[{"href":"https:\/\/pierredalexis.ch\/en\/wp-json\/wp\/v2\/pages\/3930","targetHints":{"allow":["GET"]}}],"collection":[{"href":"https:\/\/pierredalexis.ch\/en\/wp-json\/wp\/v2\/pages"}],"about":[{"href":"https:\/\/pierredalexis.ch\/en\/wp-json\/wp\/v2\/types\/page"}],"author":[{"embeddable":true,"href":"https:\/\/pierredalexis.ch\/en\/wp-json\/wp\/v2\/users\/1"}],"replies":[{"embeddable":true,"href":"https:\/\/pierredalexis.ch\/en\/wp-json\/wp\/v2\/comments?post=3930"}],"version-history":[{"count":0,"href":"https:\/\/pierredalexis.ch\/en\/wp-json\/wp\/v2\/pages\/3930\/revisions"}],"wp:attachment":[{"href":"https:\/\/pierredalexis.ch\/en\/wp-json\/wp\/v2\/media?parent=3930"}],"curies":[{"name":"wp","href":"https:\/\/api.w.org\/{rel}","templated":true}]}}