{"id":4869,"date":"2022-11-24T16:14:19","date_gmt":"2022-11-24T15:14:19","guid":{"rendered":"https:\/\/pierredalexis.ch\/?post_type=product&#038;p=4869"},"modified":"2022-11-24T16:17:03","modified_gmt":"2022-11-24T15:17:03","slug":"les-reines-du-valais","status":"publish","type":"product","link":"https:\/\/pierredalexis.ch\/en\/bijoux\/les-reines-du-valais\/","title":{"rendered":"Les reines du Valais"},"content":{"rendered":"<p>Ces bijoux sont enti\u00e8rement con\u00e7us et produits en Valais par l\u2019atelier Pierre d\u2019Alexis et distribu\u00e9s exclusivement par Raymond Moret.<\/p>\n<p>Embl\u00e8me valaisan du caract\u00e8re volontaire des gens du pays, de leur amour inconditionnel pour le Valais, ses montagnes et ses traditions, le combat de reines est le symbole d\u2019un profond attachement \u00e0 ce terroir.<\/p>\n<p>Le bijoutier joaillier valaisan, Gr\u00e9goire Maret et l\u2019artisan menuisier valaisan Raymond Moret ont voulu mettre en valeur cette passion pour le Valais, cette contr\u00e9e o\u00f9 les vaches sont c\u00e9l\u00e9br\u00e9es et \u00e9lev\u00e9es au rang de reines, avec un bijou pendentif nomm\u00e9 \u00ab Le Combat Des Reines \u00bb.<\/p>\n<p><a href=\"https:\/\/lesreinesduvalais.ch\/\" target=\"_blank\" rel=\"noopener\">Infos et commande<\/a><\/p>","protected":false},"excerpt":{"rendered":"<p>Ces bijoux sont enti\u00e8rement con\u00e7us et produits en Valais par l\u2019atelier Pierre d\u2019Alexis et distribu\u00e9s exclusivement par Raymond Moret. Embl\u00e8me valaisan du caract\u00e8re volontaire des gens du pays, de leur amour inconditionnel pour le Valais, ses montagnes et ses traditions, le combat de reines est le symbole d\u2019un profond attachement \u00e0 ce terroir. Le bijoutier [&hellip;]<\/p>\n","protected":false},"featured_media":4874,"template":"","meta":{"_seopress_robots_primary_cat":"none","_seopress_titles_title":"","_seopress_titles_desc":"","_seopress_robots_index":"","site-sidebar-layout":"default","site-content-layout":"default","ast-site-content-layout":"default","site-content-style":"default","site-sidebar-style":"default","ast-global-header-display":"","ast-banner-title-visibility":"","ast-main-header-display":"","ast-hfb-above-header-display":"","ast-hfb-below-header-display":"","ast-hfb-mobile-header-display":"","site-post-title":"","ast-breadcrumbs-content":"","ast-featured-img":"","footer-sml-layout":"","ast-disable-related-posts":"","theme-transparent-header-meta":"default","adv-header-id-meta":"","stick-header-meta":"","header-above-stick-meta":"","header-main-stick-meta":"","header-below-stick-meta":"","astra-migrate-meta-layouts":"default","ast-page-background-enabled":"default","ast-page-background-meta":{"desktop":{"background-color":"","background-image":"","background-repeat":"repeat","background-position":"center center","background-size":"auto","background-attachment":"scroll","background-type":"","background-media":"","overlay-type":"","overlay-color":"","overlay-opacity":"","overlay-gradient":""},"tablet":{"background-color":"","background-image":"","background-repeat":"repeat","background-position":"center center","background-size":"auto","background-attachment":"scroll","background-type":"","background-media":"","overlay-type":"","overlay-color":"","overlay-opacity":"","overlay-gradient":""},"mobile":{"background-color":"","background-image":"","background-repeat":"repeat","background-position":"center center","background-size":"auto","background-attachment":"scroll","background-type":"","background-media":"","overlay-type":"","overlay-color":"","overlay-opacity":"","overlay-gradient":""}},"ast-content-background-meta":{"desktop":{"background-color":"var(--ast-global-color-5)","background-image":"","background-repeat":"repeat","background-position":"center center","background-size":"auto","background-attachment":"scroll","background-type":"","background-media":"","overlay-type":"","overlay-color":"","overlay-opacity":"","overlay-gradient":""},"tablet":{"background-color":"var(--ast-global-color-5)","background-image":"","background-repeat":"repeat","background-position":"center center","background-size":"auto","background-attachment":"scroll","background-type":"","background-media":"","overlay-type":"","overlay-color":"","overlay-opacity":"","overlay-gradient":""},"mobile":{"background-color":"var(--ast-global-color-5)","background-image":"","background-repeat":"repeat","background-position":"center center","background-size":"auto","background-attachment":"scroll","background-type":"","background-media":"","overlay-type":"","overlay-color":"","overlay-opacity":"","overlay-gradient":""}}},"product_brand":[],"product_cat":[160],"product_tag":[],"type-de-prix":[147],"class_list":{"0":"post-4869","1":"product","2":"type-product","3":"status-publish","4":"has-post-thumbnail","6":"product_cat-les-reines-du-valais","7":"type-de-prix-sur-demande","8":"desktop-align-left","9":"tablet-align-left","10":"mobile-align-left","12":"first","13":"outofstock","14":"shipping-taxable","15":"product-type-simple"},"_links":{"self":[{"href":"https:\/\/pierredalexis.ch\/en\/wp-json\/wp\/v2\/product\/4869","targetHints":{"allow":["GET"]}}],"collection":[{"href":"https:\/\/pierredalexis.ch\/en\/wp-json\/wp\/v2\/product"}],"about":[{"href":"https:\/\/pierredalexis.ch\/en\/wp-json\/wp\/v2\/types\/product"}],"version-history":[{"count":4,"href":"https:\/\/pierredalexis.ch\/en\/wp-json\/wp\/v2\/product\/4869\/revisions"}],"predecessor-version":[{"id":4876,"href":"https:\/\/pierredalexis.ch\/en\/wp-json\/wp\/v2\/product\/4869\/revisions\/4876"}],"wp:featuredmedia":[{"embeddable":true,"href":"https:\/\/pierredalexis.ch\/en\/wp-json\/wp\/v2\/media\/4874"}],"wp:attachment":[{"href":"https:\/\/pierredalexis.ch\/en\/wp-json\/wp\/v2\/media?parent=4869"}],"wp:term":[{"taxonomy":"product_brand","embeddable":true,"href":"https:\/\/pierredalexis.ch\/en\/wp-json\/wp\/v2\/product_brand?post=4869"},{"taxonomy":"product_cat","embeddable":true,"href":"https:\/\/pierredalexis.ch\/en\/wp-json\/wp\/v2\/product_cat?post=4869"},{"taxonomy":"product_tag","embeddable":true,"href":"https:\/\/pierredalexis.ch\/en\/wp-json\/wp\/v2\/product_tag?post=4869"},{"taxonomy":"type-de-prix","embeddable":true,"href":"https:\/\/pierredalexis.ch\/en\/wp-json\/wp\/v2\/type-de-prix?post=4869"}],"curies":[{"name":"wp","href":"https:\/\/api.w.org\/{rel}","templated":true}]}}