{"id":1320,"date":"2019-02-05T15:31:56","date_gmt":"2019-02-05T14:31:56","guid":{"rendered":"https:\/\/demo01.diamsmedia.ch\/?page_id=1320"},"modified":"2022-05-19T18:58:09","modified_gmt":"2022-05-19T16:58:09","slug":"sur-mesure","status":"publish","type":"page","link":"https:\/\/pierredalexis.ch\/fr\/creations\/sur-mesure\/","title":{"rendered":"Sur Mesure"},"content":{"rendered":"\t\t<div data-elementor-type=\"wp-post\" data-elementor-id=\"1320\" class=\"elementor elementor-1320\" data-elementor-post-type=\"page\">\n\t\t\t\t\t\t<section class=\"elementor-section elementor-top-section elementor-element elementor-element-5aff6e6e elementor-section-full_width elementor-section-height-default elementor-section-height-default\" data-id=\"5aff6e6e\" data-element_type=\"section\" data-e-type=\"section\" data-settings=\"{&quot;background_background&quot;:&quot;classic&quot;}\">\n\t\t\t\t\t\t<div class=\"elementor-container elementor-column-gap-default\">\n\t\t\t\t\t<div class=\"elementor-column elementor-col-50 elementor-top-column elementor-element elementor-element-7c16417f\" data-id=\"7c16417f\" data-element_type=\"column\" data-e-type=\"column\">\n\t\t\t<div class=\"elementor-widget-wrap elementor-element-populated\">\n\t\t\t\t\t\t<div class=\"elementor-element elementor-element-204b36ed elementor-widget elementor-widget-image\" data-id=\"204b36ed\" data-element_type=\"widget\" data-e-type=\"widget\" data-settings=\"{&quot;sticky&quot;:&quot;top&quot;,&quot;sticky_on&quot;:[&quot;desktop&quot;,&quot;tablet&quot;],&quot;sticky_parent&quot;:&quot;yes&quot;,&quot;sticky_offset&quot;:0,&quot;sticky_effects_offset&quot;:0,&quot;sticky_anchor_link_offset&quot;:0}\" data-widget_type=\"image.default\">\n\t\t\t\t<div class=\"elementor-widget-container\">\n\t\t\t\t\t\t\t\t\t\t\t\t\t\t\t<img data-opt-id=279527282  fetchpriority=\"high\" decoding=\"async\" width=\"848\" height=\"679\" src=\"https:\/\/ml7vt2c1kbnd.i.optimole.com\/w:848\/h:679\/q:mauto\/g:sm\/f:best\/https:\/\/pierredalexis.ch\/wp-content\/uploads\/site_pa\/Pages\/Sur-mesure-848x679.png\" class=\"attachment-full size-full wp-image-1461\" alt=\"\" srcset=\"https:\/\/ml7vt2c1kbnd.i.optimole.com\/w:848\/h:679\/q:mauto\/g:sm\/f:best\/https:\/\/pierredalexis.ch\/wp-content\/uploads\/site_pa\/Pages\/Sur-mesure-848x679.png 848w, https:\/\/ml7vt2c1kbnd.i.optimole.com\/w:300\/h:240\/q:mauto\/g:sm\/f:best\/https:\/\/pierredalexis.ch\/wp-content\/uploads\/site_pa\/Pages\/Sur-mesure-848x679.png 300w, https:\/\/ml7vt2c1kbnd.i.optimole.com\/w:768\/h:615\/q:mauto\/g:sm\/f:best\/https:\/\/pierredalexis.ch\/wp-content\/uploads\/site_pa\/Pages\/Sur-mesure-848x679.png 768w\" sizes=\"(max-width: 848px) 100vw, 848px\" \/>\t\t\t\t\t\t\t\t\t\t\t\t\t\t\t<\/div>\n\t\t\t\t<\/div>\n\t\t\t\t\t<\/div>\n\t\t<\/div>\n\t\t\t\t<div class=\"elementor-column elementor-col-50 elementor-top-column elementor-element elementor-element-11ae2d55\" data-id=\"11ae2d55\" data-element_type=\"column\" data-e-type=\"column\">\n\t\t\t<div class=\"elementor-widget-wrap elementor-element-populated\">\n\t\t\t\t\t\t<div class=\"elementor-element elementor-element-6178a415 elementor-widget elementor-widget-heading\" data-id=\"6178a415\" data-element_type=\"widget\" data-e-type=\"widget\" data-widget_type=\"heading.default\">\n\t\t\t\t<div class=\"elementor-widget-container\">\n\t\t\t\t\t<h1 class=\"elementor-heading-title elementor-size-default\">Bijou personnalise<\/h1>\t\t\t\t<\/div>\n\t\t\t\t<\/div>\n\t\t\t\t<div class=\"elementor-element elementor-element-2bffea54 elementor-widget-divider--view-line elementor-widget elementor-widget-divider\" data-id=\"2bffea54\" data-element_type=\"widget\" data-e-type=\"widget\" data-widget_type=\"divider.default\">\n\t\t\t\t<div class=\"elementor-widget-container\">\n\t\t\t\t\t\t\t<div class=\"elementor-divider\">\n\t\t\t<span class=\"elementor-divider-separator\">\n\t\t\t\t\t\t<\/span>\n\t\t<\/div>\n\t\t\t\t\t\t<\/div>\n\t\t\t\t<\/div>\n\t\t\t\t<div class=\"elementor-element elementor-element-28475f22 elementor-widget elementor-widget-text-editor\" data-id=\"28475f22\" data-element_type=\"widget\" data-e-type=\"widget\" data-widget_type=\"text-editor.default\">\n\t\t\t\t<div class=\"elementor-widget-container\">\n\t\t\t\t\t\t\t\t\t<h3>PIERRE d&rsquo;ALEXIS con\u00e7oit et r\u00e9alise des cr\u00e9ations de haute joaillerie qui mettent en valeur des gemmes d&rsquo;exception.<\/h3>\t\t\t\t\t\t\t\t<\/div>\n\t\t\t\t<\/div>\n\t\t\t\t<div class=\"elementor-element elementor-element-7ebba064 elementor-hidden-tablet elementor-widget elementor-widget-text-editor\" data-id=\"7ebba064\" data-element_type=\"widget\" data-e-type=\"widget\" data-widget_type=\"text-editor.default\">\n\t\t\t\t<div class=\"elementor-widget-container\">\n\t\t\t\t\t\t\t\t\t<p>Vivez l&rsquo;exp\u00e9rience PIERRE d&rsquo;ALEXIS&#8230;<br \/>Pour vous, des cr\u00e9ations exclusives et uniques, \u00ab\u00a0personnalis\u00e9es\u00a0\u00bb.<\/p><p>PIERRE d&rsquo;ALEXIS vous offre la possibilit\u00e9 de r\u00e9aliser le bijou de vos r\u00eaves et de choisir parmi l&rsquo;\u00e9ventail des plus belles pierres pr\u00e9cieuses , celles qui vous sont destin\u00e9es.<\/p><p>Interpr\u00e9t\u00e9s, vos d\u00e9sirs seront \u00e9labor\u00e9s avec vous sur la base de dessins. Durant la phase de r\u00e9alisation, vous pourrez suivre les diff\u00e9rentes \u00e9tapes de la conception de votre bijou et voir votre r\u00eave devenir r\u00e9alit\u00e9.<\/p>\t\t\t\t\t\t\t\t<\/div>\n\t\t\t\t<\/div>\n\t\t\t\t<div class=\"elementor-element elementor-element-4134d87 elementor-widget elementor-widget-gallery\" data-id=\"4134d87\" data-element_type=\"widget\" data-e-type=\"widget\" data-settings=\"{&quot;columns&quot;:2,&quot;lazyload&quot;:&quot;yes&quot;,&quot;gallery_layout&quot;:&quot;grid&quot;,&quot;columns_tablet&quot;:2,&quot;columns_mobile&quot;:1,&quot;gap&quot;:{&quot;unit&quot;:&quot;px&quot;,&quot;size&quot;:10,&quot;sizes&quot;:[]},&quot;gap_tablet&quot;:{&quot;unit&quot;:&quot;px&quot;,&quot;size&quot;:10,&quot;sizes&quot;:[]},&quot;gap_mobile&quot;:{&quot;unit&quot;:&quot;px&quot;,&quot;size&quot;:10,&quot;sizes&quot;:[]},&quot;link_to&quot;:&quot;file&quot;,&quot;aspect_ratio&quot;:&quot;3:2&quot;,&quot;overlay_background&quot;:&quot;yes&quot;,&quot;content_hover_animation&quot;:&quot;fade-in&quot;}\" data-widget_type=\"gallery.default\">\n\t\t\t\t<div class=\"elementor-widget-container\">\n\t\t\t\t\t\t\t<div class=\"elementor-gallery__container\">\n\t\t\t\t\t\t\t<a class=\"e-gallery-item elementor-gallery-item elementor-animated-content\" href=\"https:\/\/ml7vt2c1kbnd.i.optimole.com\/w:1080\/h:1080\/q:mauto\/g:sm\/f:best\/https:\/\/pierredalexis.ch\/wp-content\/uploads\/2022\/05\/5BD72457-D895-4F1F-97E4-A4F8D5640A68.jpg\" data-elementor-open-lightbox=\"yes\" data-elementor-lightbox-slideshow=\"4134d87\" data-elementor-lightbox-title=\"5BD72457-D895-4F1F-97E4-A4F8D5640A68\" data-e-action-hash=\"#elementor-action%3Aaction%3Dlightbox%26settings%3DeyJpZCI6NDM5MywidXJsIjoiaHR0cHM6XC9cL3BpZXJyZWRhbGV4aXMuY2hcL3dwLWNvbnRlbnRcL3VwbG9hZHNcLzIwMjJcLzA1XC81QkQ3MjQ1Ny1EODk1LTRGMUYtOTdFNC1BNEY4RDU2NDBBNjguanBnIiwic2xpZGVzaG93IjoiNDEzNGQ4NyJ9\">\n\t\t\t\t\t<div class=\"e-gallery-image elementor-gallery-item__image\" data-thumbnail=\"https:\/\/ml7vt2c1kbnd.i.optimole.com\/w:300\/h:300\/q:mauto\/g:sm\/f:best\/https:\/\/pierredalexis.ch\/wp-content\/uploads\/2022\/05\/5BD72457-D895-4F1F-97E4-A4F8D5640A68.jpg\" data-width=\"300\" data-height=\"300\" aria-label=\"\" role=\"img\" ><\/div>\n\t\t\t\t\t\t\t\t\t\t\t<div class=\"elementor-gallery-item__overlay\"><\/div>\n\t\t\t\t\t\t\t\t\t\t\t\t\t\t<\/a>\n\t\t\t\t\t\t\t<a class=\"e-gallery-item elementor-gallery-item elementor-animated-content\" href=\"https:\/\/ml7vt2c1kbnd.i.optimole.com\/w:1629\/h:1080\/q:mauto\/g:sm\/f:best\/https:\/\/pierredalexis.ch\/wp-content\/uploads\/2022\/05\/82DC2554-F246-40D0-9771-1BCB8D391921-scaled.jpeg\" data-elementor-open-lightbox=\"yes\" data-elementor-lightbox-slideshow=\"4134d87\" data-elementor-lightbox-title=\"82DC2554-F246-40D0-9771-1BCB8D391921\" data-e-action-hash=\"#elementor-action%3Aaction%3Dlightbox%26settings%3DeyJpZCI6NDM5MiwidXJsIjoiaHR0cHM6XC9cL3BpZXJyZWRhbGV4aXMuY2hcL3dwLWNvbnRlbnRcL3VwbG9hZHNcLzIwMjJcLzA1XC84MkRDMjU1NC1GMjQ2LTQwRDAtOTc3MS0xQkNCOEQzOTE5MjEtc2NhbGVkLmpwZWciLCJzbGlkZXNob3ciOiI0MTM0ZDg3In0%3D\">\n\t\t\t\t\t<div class=\"e-gallery-image elementor-gallery-item__image\" data-thumbnail=\"https:\/\/ml7vt2c1kbnd.i.optimole.com\/w:300\/h:199\/q:mauto\/g:sm\/f:best\/https:\/\/pierredalexis.ch\/wp-content\/uploads\/2022\/05\/82DC2554-F246-40D0-9771-1BCB8D391921-scaled.jpeg\" data-width=\"300\" data-height=\"199\" aria-label=\"\" role=\"img\" ><\/div>\n\t\t\t\t\t\t\t\t\t\t\t<div class=\"elementor-gallery-item__overlay\"><\/div>\n\t\t\t\t\t\t\t\t\t\t\t\t\t\t<\/a>\n\t\t\t\t\t\t\t<a class=\"e-gallery-item elementor-gallery-item elementor-animated-content\" href=\"https:\/\/ml7vt2c1kbnd.i.optimole.com\/w:1439\/h:1080\/q:mauto\/g:sm\/f:best\/https:\/\/pierredalexis.ch\/wp-content\/uploads\/2022\/05\/7884F9CD-1231-454D-926D-87E460DE5067-2.jpg\" data-elementor-open-lightbox=\"yes\" data-elementor-lightbox-slideshow=\"4134d87\" data-elementor-lightbox-title=\"7884F9CD-1231-454D-926D-87E460DE5067-2\" data-e-action-hash=\"#elementor-action%3Aaction%3Dlightbox%26settings%3DeyJpZCI6NDM5MSwidXJsIjoiaHR0cHM6XC9cL3BpZXJyZWRhbGV4aXMuY2hcL3dwLWNvbnRlbnRcL3VwbG9hZHNcLzIwMjJcLzA1XC83ODg0RjlDRC0xMjMxLTQ1NEQtOTI2RC04N0U0NjBERTUwNjctMi5qcGciLCJzbGlkZXNob3ciOiI0MTM0ZDg3In0%3D\">\n\t\t\t\t\t<div class=\"e-gallery-image elementor-gallery-item__image\" data-thumbnail=\"https:\/\/ml7vt2c1kbnd.i.optimole.com\/w:300\/h:225\/q:mauto\/g:sm\/f:best\/https:\/\/pierredalexis.ch\/wp-content\/uploads\/2022\/05\/7884F9CD-1231-454D-926D-87E460DE5067-2.jpg\" data-width=\"300\" data-height=\"225\" aria-label=\"\" role=\"img\" ><\/div>\n\t\t\t\t\t\t\t\t\t\t\t<div class=\"elementor-gallery-item__overlay\"><\/div>\n\t\t\t\t\t\t\t\t\t\t\t\t\t\t<\/a>\n\t\t\t\t\t\t\t<a class=\"e-gallery-item elementor-gallery-item elementor-animated-content\" href=\"https:\/\/ml7vt2c1kbnd.i.optimole.com\/w:1440\/h:1080\/q:mauto\/g:sm\/f:best\/https:\/\/pierredalexis.ch\/wp-content\/uploads\/2022\/05\/52262651-CF54-47B2-B3A9-3220F4CC756D-2.jpg\" data-elementor-open-lightbox=\"yes\" data-elementor-lightbox-slideshow=\"4134d87\" data-elementor-lightbox-title=\"52262651-CF54-47B2-B3A9-3220F4CC756D-2\" data-e-action-hash=\"#elementor-action%3Aaction%3Dlightbox%26settings%3DeyJpZCI6NDM5MCwidXJsIjoiaHR0cHM6XC9cL3BpZXJyZWRhbGV4aXMuY2hcL3dwLWNvbnRlbnRcL3VwbG9hZHNcLzIwMjJcLzA1XC81MjI2MjY1MS1DRjU0LTQ3QjItQjNBOS0zMjIwRjRDQzc1NkQtMi5qcGciLCJzbGlkZXNob3ciOiI0MTM0ZDg3In0%3D\">\n\t\t\t\t\t<div class=\"e-gallery-image elementor-gallery-item__image\" data-thumbnail=\"https:\/\/ml7vt2c1kbnd.i.optimole.com\/w:300\/h:225\/q:mauto\/g:sm\/f:best\/https:\/\/pierredalexis.ch\/wp-content\/uploads\/2022\/05\/52262651-CF54-47B2-B3A9-3220F4CC756D-2.jpg\" data-width=\"300\" data-height=\"225\" aria-label=\"\" role=\"img\" ><\/div>\n\t\t\t\t\t\t\t\t\t\t\t<div class=\"elementor-gallery-item__overlay\"><\/div>\n\t\t\t\t\t\t\t\t\t\t\t\t\t\t<\/a>\n\t\t\t\t\t\t\t<a class=\"e-gallery-item elementor-gallery-item elementor-animated-content\" href=\"https:\/\/ml7vt2c1kbnd.i.optimole.com\/w:1440\/h:1080\/q:mauto\/g:sm\/f:best\/https:\/\/pierredalexis.ch\/wp-content\/uploads\/2020\/09\/IMGP1494.jpeg\" data-elementor-open-lightbox=\"yes\" data-elementor-lightbox-slideshow=\"4134d87\" data-elementor-lightbox-title=\"IMGP1494\" data-e-action-hash=\"#elementor-action%3Aaction%3Dlightbox%26settings%3DeyJpZCI6MjMxNywidXJsIjoiaHR0cHM6XC9cL3BpZXJyZWRhbGV4aXMuY2hcL3dwLWNvbnRlbnRcL3VwbG9hZHNcLzIwMjBcLzA5XC9JTUdQMTQ5NC5qcGVnIiwic2xpZGVzaG93IjoiNDEzNGQ4NyJ9\">\n\t\t\t\t\t<div class=\"e-gallery-image elementor-gallery-item__image\" data-thumbnail=\"https:\/\/ml7vt2c1kbnd.i.optimole.com\/w:300\/h:225\/q:mauto\/g:sm\/f:best\/https:\/\/pierredalexis.ch\/wp-content\/uploads\/2020\/09\/IMGP1494.jpeg\" data-width=\"300\" data-height=\"225\" aria-label=\"\" role=\"img\" ><\/div>\n\t\t\t\t\t\t\t\t\t\t\t<div class=\"elementor-gallery-item__overlay\"><\/div>\n\t\t\t\t\t\t\t\t\t\t\t\t\t\t<\/a>\n\t\t\t\t\t\t\t<a class=\"e-gallery-item elementor-gallery-item elementor-animated-content\" href=\"https:\/\/ml7vt2c1kbnd.i.optimole.com\/w:1440\/h:1080\/q:mauto\/g:sm\/f:best\/https:\/\/pierredalexis.ch\/wp-content\/uploads\/2020\/09\/23-2.jpeg\" data-elementor-open-lightbox=\"yes\" data-elementor-lightbox-slideshow=\"4134d87\" data-elementor-lightbox-title=\"23-2\" data-e-action-hash=\"#elementor-action%3Aaction%3Dlightbox%26settings%3DeyJpZCI6MjMxMiwidXJsIjoiaHR0cHM6XC9cL3BpZXJyZWRhbGV4aXMuY2hcL3dwLWNvbnRlbnRcL3VwbG9hZHNcLzIwMjBcLzA5XC8yMy0yLmpwZWciLCJzbGlkZXNob3ciOiI0MTM0ZDg3In0%3D\">\n\t\t\t\t\t<div class=\"e-gallery-image elementor-gallery-item__image\" data-thumbnail=\"https:\/\/ml7vt2c1kbnd.i.optimole.com\/w:300\/h:225\/q:mauto\/g:sm\/f:best\/https:\/\/pierredalexis.ch\/wp-content\/uploads\/2020\/09\/23-2.jpeg\" data-width=\"300\" data-height=\"225\" aria-label=\"\" role=\"img\" ><\/div>\n\t\t\t\t\t\t\t\t\t\t\t<div class=\"elementor-gallery-item__overlay\"><\/div>\n\t\t\t\t\t\t\t\t\t\t\t\t\t\t<\/a>\n\t\t\t\t\t\t\t<a class=\"e-gallery-item elementor-gallery-item elementor-animated-content\" href=\"https:\/\/ml7vt2c1kbnd.i.optimole.com\/w:1024\/h:768\/q:mauto\/g:sm\/f:best\/https:\/\/pierredalexis.ch\/wp-content\/uploads\/2020\/09\/IMGP0739.jpeg\" data-elementor-open-lightbox=\"yes\" data-elementor-lightbox-slideshow=\"4134d87\" data-elementor-lightbox-title=\"IMGP0739\" data-e-action-hash=\"#elementor-action%3Aaction%3Dlightbox%26settings%3DeyJpZCI6MjMxMCwidXJsIjoiaHR0cHM6XC9cL3BpZXJyZWRhbGV4aXMuY2hcL3dwLWNvbnRlbnRcL3VwbG9hZHNcLzIwMjBcLzA5XC9JTUdQMDczOS5qcGVnIiwic2xpZGVzaG93IjoiNDEzNGQ4NyJ9\">\n\t\t\t\t\t<div class=\"e-gallery-image elementor-gallery-item__image\" data-thumbnail=\"https:\/\/ml7vt2c1kbnd.i.optimole.com\/w:300\/h:225\/q:mauto\/g:sm\/f:best\/https:\/\/pierredalexis.ch\/wp-content\/uploads\/2020\/09\/IMGP0739.jpeg\" data-width=\"300\" data-height=\"225\" aria-label=\"\" role=\"img\" ><\/div>\n\t\t\t\t\t\t\t\t\t\t\t<div class=\"elementor-gallery-item__overlay\"><\/div>\n\t\t\t\t\t\t\t\t\t\t\t\t\t\t<\/a>\n\t\t\t\t\t<\/div>\n\t\t\t\t\t<\/div>\n\t\t\t\t<\/div>\n\t\t\t\t<div class=\"elementor-element elementor-element-f5c3d03 elementor-nav-menu__align-center elementor-nav-menu--dropdown-none elementor-widget elementor-widget-nav-menu\" data-id=\"f5c3d03\" data-element_type=\"widget\" data-e-type=\"widget\" data-settings=\"{&quot;layout&quot;:&quot;horizontal&quot;,&quot;submenu_icon&quot;:{&quot;value&quot;:&quot;&lt;i class=\\&quot;fas fa-caret-down\\&quot; aria-hidden=\\&quot;true\\&quot;&gt;&lt;\\\/i&gt;&quot;,&quot;library&quot;:&quot;fa-solid&quot;}}\" data-widget_type=\"nav-menu.default\">\n\t\t\t\t<div class=\"elementor-widget-container\">\n\t\t\t\t\t\t\t\t<nav aria-label=\"Menu\" class=\"elementor-nav-menu--main elementor-nav-menu__container elementor-nav-menu--layout-horizontal e--pointer-underline e--animation-fade\">\n\t\t\t\t<ul id=\"menu-1-f5c3d03\" class=\"elementor-nav-menu\"><li class=\"menu-item menu-item-type-post_type menu-item-object-page menu-item-3366\"><a href=\"https:\/\/pierredalexis.ch\/fr\/creations\/la-collection\/\" class=\"elementor-item menu-link\">La collection<\/a><\/li>\n<li class=\"menu-item menu-item-type-post_type menu-item-object-page menu-item-3367\"><a href=\"https:\/\/pierredalexis.ch\/fr\/creations\/les-alliances\/\" class=\"elementor-item menu-link\">Les Alliances<\/a><\/li>\n<li class=\"menu-item menu-item-type-post_type menu-item-object-page menu-item-3369\"><a href=\"https:\/\/pierredalexis.ch\/fr\/creations\/sur-mesure\/\" class=\"elementor-item menu-link\">Sur Mesure<\/a><\/li>\n<li class=\"menu-item menu-item-type-post_type menu-item-object-page menu-item-3368\"><a href=\"https:\/\/pierredalexis.ch\/fr\/creations\/rose-de-mine\/\" class=\"elementor-item menu-link\">Rose de mine<\/a><\/li>\n<\/ul>\t\t\t<\/nav>\n\t\t\t\t\t\t<nav class=\"elementor-nav-menu--dropdown elementor-nav-menu__container\" aria-hidden=\"true\">\n\t\t\t\t<ul id=\"menu-2-f5c3d03\" class=\"elementor-nav-menu\"><li class=\"menu-item menu-item-type-post_type menu-item-object-page menu-item-3366\"><a href=\"https:\/\/pierredalexis.ch\/fr\/creations\/la-collection\/\" class=\"elementor-item menu-link\" tabindex=\"-1\">La collection<\/a><\/li>\n<li class=\"menu-item menu-item-type-post_type menu-item-object-page menu-item-3367\"><a href=\"https:\/\/pierredalexis.ch\/fr\/creations\/les-alliances\/\" class=\"elementor-item menu-link\" tabindex=\"-1\">Les Alliances<\/a><\/li>\n<li class=\"menu-item menu-item-type-post_type menu-item-object-page menu-item-3369\"><a href=\"https:\/\/pierredalexis.ch\/fr\/creations\/sur-mesure\/\" class=\"elementor-item menu-link\" tabindex=\"-1\">Sur Mesure<\/a><\/li>\n<li class=\"menu-item menu-item-type-post_type menu-item-object-page menu-item-3368\"><a href=\"https:\/\/pierredalexis.ch\/fr\/creations\/rose-de-mine\/\" class=\"elementor-item menu-link\" tabindex=\"-1\">Rose de mine<\/a><\/li>\n<\/ul>\t\t\t<\/nav>\n\t\t\t\t\t\t<\/div>\n\t\t\t\t<\/div>\n\t\t\t\t\t<\/div>\n\t\t<\/div>\n\t\t\t\t\t<\/div>\n\t\t<\/section>\n\t\t\t\t<\/div>\n\t\t","protected":false},"excerpt":{"rendered":"<p>Bijou personnalise PIERRE d&rsquo;ALEXIS con\u00e7oit et r\u00e9alise des cr\u00e9ations de haute joaillerie qui mettent en valeur des gemmes d&rsquo;exception. Vivez l&rsquo;exp\u00e9rience PIERRE d&rsquo;ALEXIS&#8230;Pour vous, des cr\u00e9ations exclusives et uniques, \u00ab\u00a0personnalis\u00e9es\u00a0\u00bb. PIERRE d&rsquo;ALEXIS vous offre la possibilit\u00e9 de r\u00e9aliser le bijou de vos r\u00eaves et de choisir parmi l&rsquo;\u00e9ventail des plus belles pierres pr\u00e9cieuses , celles [&hellip;]<\/p>\n","protected":false},"author":1,"featured_media":0,"parent":1292,"menu_order":0,"comment_status":"closed","ping_status":"closed","template":"","meta":{"_seopress_robots_primary_cat":"","_seopress_titles_title":"PIERRE d\u2019ALEXIS - des cr\u00e9ations personnalis\u00e9es","_seopress_titles_desc":"PIERRE d\u2019ALEXIS vous offre la possibilit\u00e9 de r\u00e9aliser le bijou de vos r\u00eaves et de choisir parmi l\u2019\u00e9ventail des plus belles pierres pr\u00e9cieuses , celles qui vous sont destin\u00e9es.","_seopress_robots_index":"","site-sidebar-layout":"no-sidebar","site-content-layout":"page-builder","ast-site-content-layout":"default","site-content-style":"default","site-sidebar-style":"default","ast-global-header-display":"","ast-banner-title-visibility":"","ast-main-header-display":"","ast-hfb-above-header-display":"","ast-hfb-below-header-display":"","ast-hfb-mobile-header-display":"","site-post-title":"disabled","ast-breadcrumbs-content":"","ast-featured-img":"disabled","footer-sml-layout":"","ast-disable-related-posts":"","theme-transparent-header-meta":"default","adv-header-id-meta":"","stick-header-meta":"","header-above-stick-meta":"","header-main-stick-meta":"","header-below-stick-meta":"","astra-migrate-meta-layouts":"default","ast-page-background-enabled":"default","ast-page-background-meta":{"desktop":{"background-color":"","background-image":"","background-repeat":"repeat","background-position":"center center","background-size":"auto","background-attachment":"scroll","background-type":"","background-media":"","overlay-type":"","overlay-color":"","overlay-opacity":"","overlay-gradient":""},"tablet":{"background-color":"","background-image":"","background-repeat":"repeat","background-position":"center center","background-size":"auto","background-attachment":"scroll","background-type":"","background-media":"","overlay-type":"","overlay-color":"","overlay-opacity":"","overlay-gradient":""},"mobile":{"background-color":"","background-image":"","background-repeat":"repeat","background-position":"center center","background-size":"auto","background-attachment":"scroll","background-type":"","background-media":"","overlay-type":"","overlay-color":"","overlay-opacity":"","overlay-gradient":""}},"ast-content-background-meta":{"desktop":{"background-color":"var(--ast-global-color-5)","background-image":"","background-repeat":"repeat","background-position":"center center","background-size":"auto","background-attachment":"scroll","background-type":"","background-media":"","overlay-type":"","overlay-color":"","overlay-opacity":"","overlay-gradient":""},"tablet":{"background-color":"var(--ast-global-color-5)","background-image":"","background-repeat":"repeat","background-position":"center center","background-size":"auto","background-attachment":"scroll","background-type":"","background-media":"","overlay-type":"","overlay-color":"","overlay-opacity":"","overlay-gradient":""},"mobile":{"background-color":"var(--ast-global-color-5)","background-image":"","background-repeat":"repeat","background-position":"center center","background-size":"auto","background-attachment":"scroll","background-type":"","background-media":"","overlay-type":"","overlay-color":"","overlay-opacity":"","overlay-gradient":""}},"footnotes":""},"class_list":["post-1320","page","type-page","status-publish","hentry"],"_links":{"self":[{"href":"https:\/\/pierredalexis.ch\/fr\/wp-json\/wp\/v2\/pages\/1320","targetHints":{"allow":["GET"]}}],"collection":[{"href":"https:\/\/pierredalexis.ch\/fr\/wp-json\/wp\/v2\/pages"}],"about":[{"href":"https:\/\/pierredalexis.ch\/fr\/wp-json\/wp\/v2\/types\/page"}],"author":[{"embeddable":true,"href":"https:\/\/pierredalexis.ch\/fr\/wp-json\/wp\/v2\/users\/1"}],"replies":[{"embeddable":true,"href":"https:\/\/pierredalexis.ch\/fr\/wp-json\/wp\/v2\/comments?post=1320"}],"version-history":[{"count":0,"href":"https:\/\/pierredalexis.ch\/fr\/wp-json\/wp\/v2\/pages\/1320\/revisions"}],"up":[{"embeddable":true,"href":"https:\/\/pierredalexis.ch\/fr\/wp-json\/wp\/v2\/pages\/1292"}],"wp:attachment":[{"href":"https:\/\/pierredalexis.ch\/fr\/wp-json\/wp\/v2\/media?parent=1320"}],"curies":[{"name":"wp","href":"https:\/\/api.w.org\/{rel}","templated":true}]}}