{"id":372,"date":"2018-11-29T18:30:23","date_gmt":"2018-11-29T17:30:23","guid":{"rendered":"http:\/\/rf04ltvsv.preview.infomaniak.website\/?page_id=372"},"modified":"2022-07-02T15:49:53","modified_gmt":"2022-07-02T13:49:53","slug":"historique","status":"publish","type":"page","link":"https:\/\/pierredalexis.ch\/fr\/historique\/","title":{"rendered":"Historique"},"content":{"rendered":"\t\t<div data-elementor-type=\"wp-post\" data-elementor-id=\"372\" class=\"elementor elementor-372\" data-elementor-post-type=\"page\">\n\t\t\t\t\t\t<section class=\"elementor-section elementor-top-section elementor-element elementor-element-7de564b3 elementor-section-full_width elementor-section-height-default elementor-section-height-default\" data-id=\"7de564b3\" data-element_type=\"section\" data-e-type=\"section\" data-settings=\"{&quot;background_background&quot;:&quot;classic&quot;}\">\n\t\t\t\t\t\t<div class=\"elementor-container elementor-column-gap-default\">\n\t\t\t\t\t<div class=\"elementor-column elementor-col-50 elementor-top-column elementor-element elementor-element-1a609679\" data-id=\"1a609679\" data-element_type=\"column\" data-e-type=\"column\" data-settings=\"{&quot;background_background&quot;:&quot;classic&quot;}\">\n\t\t\t<div class=\"elementor-widget-wrap elementor-element-populated\">\n\t\t\t\t\t\t<div class=\"elementor-element elementor-element-58846b05 elementor-widget elementor-widget-image\" data-id=\"58846b05\" data-element_type=\"widget\" data-e-type=\"widget\" data-settings=\"{&quot;sticky&quot;:&quot;top&quot;,&quot;sticky_on&quot;:[&quot;desktop&quot;,&quot;tablet&quot;],&quot;sticky_parent&quot;:&quot;yes&quot;,&quot;sticky_offset&quot;:0,&quot;sticky_effects_offset&quot;:0,&quot;sticky_anchor_link_offset&quot;:0}\" data-widget_type=\"image.default\">\n\t\t\t\t<div class=\"elementor-widget-container\">\n\t\t\t\t\t\t\t\t\t\t\t\t\t\t\t<img data-opt-id=265030911  fetchpriority=\"high\" decoding=\"async\" width=\"848\" height=\"679\" src=\"https:\/\/ml7vt2c1kbnd.i.optimole.com\/w:848\/h:679\/q:mauto\/g:sm\/f:best\/https:\/\/pierredalexis.ch\/wp-content\/uploads\/site_pa\/Pages\/Historique-848x679.png\" class=\"attachment-full size-full wp-image-1456\" alt=\"Historique PIERRE d&#039;ALEXIS\" srcset=\"https:\/\/ml7vt2c1kbnd.i.optimole.com\/w:848\/h:679\/q:mauto\/g:sm\/f:best\/https:\/\/pierredalexis.ch\/wp-content\/uploads\/site_pa\/Pages\/Historique-848x679.png 848w, https:\/\/ml7vt2c1kbnd.i.optimole.com\/w:300\/h:240\/q:mauto\/g:sm\/f:best\/https:\/\/pierredalexis.ch\/wp-content\/uploads\/site_pa\/Pages\/Historique-848x679.png 300w, https:\/\/ml7vt2c1kbnd.i.optimole.com\/w:768\/h:615\/q:mauto\/g:sm\/f:best\/https:\/\/pierredalexis.ch\/wp-content\/uploads\/site_pa\/Pages\/Historique-848x679.png 768w\" sizes=\"(max-width: 848px) 100vw, 848px\" \/>\t\t\t\t\t\t\t\t\t\t\t\t\t\t\t<\/div>\n\t\t\t\t<\/div>\n\t\t\t\t\t<\/div>\n\t\t<\/div>\n\t\t\t\t<div class=\"elementor-column elementor-col-50 elementor-top-column elementor-element elementor-element-18ab39b9\" data-id=\"18ab39b9\" data-element_type=\"column\" data-e-type=\"column\">\n\t\t\t<div class=\"elementor-widget-wrap elementor-element-populated\">\n\t\t\t\t\t\t<div class=\"elementor-element elementor-element-3f25a963 elementor-widget elementor-widget-heading\" data-id=\"3f25a963\" data-element_type=\"widget\" data-e-type=\"widget\" data-widget_type=\"heading.default\">\n\t\t\t\t<div class=\"elementor-widget-container\">\n\t\t\t\t\t<h1 class=\"elementor-heading-title elementor-size-default\">Historique<\/h1>\t\t\t\t<\/div>\n\t\t\t\t<\/div>\n\t\t\t\t<div class=\"elementor-element elementor-element-293fc379 elementor-widget-divider--view-line elementor-widget elementor-widget-divider\" data-id=\"293fc379\" data-element_type=\"widget\" data-e-type=\"widget\" data-widget_type=\"divider.default\">\n\t\t\t\t<div class=\"elementor-widget-container\">\n\t\t\t\t\t\t\t<div class=\"elementor-divider\">\n\t\t\t<span class=\"elementor-divider-separator\">\n\t\t\t\t\t\t<\/span>\n\t\t<\/div>\n\t\t\t\t\t\t<\/div>\n\t\t\t\t<\/div>\n\t\t\t\t<div class=\"elementor-element elementor-element-bcc0f19 elementor-widget elementor-widget-heading\" data-id=\"bcc0f19\" data-element_type=\"widget\" data-e-type=\"widget\" data-widget_type=\"heading.default\">\n\t\t\t\t<div class=\"elementor-widget-container\">\n\t\t\t\t\t<h2 class=\"elementor-heading-title elementor-size-default\">Gr\u00e9goire Maret - PIERRE d'ALEXIS<\/h2>\t\t\t\t<\/div>\n\t\t\t\t<\/div>\n\t\t\t\t<div class=\"elementor-element elementor-element-3202224e elementor-widget elementor-widget-text-editor\" data-id=\"3202224e\" data-element_type=\"widget\" data-e-type=\"widget\" data-widget_type=\"text-editor.default\">\n\t\t\t\t<div class=\"elementor-widget-container\">\n\t\t\t\t\t\t\t\t\t<h3>2018<\/h3><ul><li>Lancement de la marque PIERRE d\u2019ALEXIS<\/li><li>1er Salon GEMGen\u00e8ve<\/li><\/ul><h3>2012 \u00e0 2017<\/h3><ul><li><a href=\"http:\/\/www.gregbijoux.ch\/\" target=\"_blank\" rel=\"noopener\">www.gregbijoux.ch<\/a><\/li><li>Pause<\/li><\/ul><h3>2011<\/h3><ul><li>Exposition et concours \u00ab Arts de la Table \u00bb au Ch\u00e2teau de R\u00e9chy. 2\u00e8me prix d\u00e9cern\u00e9 pour la r\u00e9alisation d\u2019une fontaine \u00e0 absinthe cr\u00e9\u00e9e avec la collaboration de Christophe Huguenin, souffleur de verre<\/li><li>Biennale des M\u00e9tiers de la bijouterie \u00e0 Porrentruy<\/li><\/ul><h3>2010<\/h3><ul><li>Exposition inaugurale de la Coop\u00e9rative des M\u00e9tiers d\u2019Art au Ch\u00e2teau de R\u00e9chy<\/li><li>Fin de l\u2019aventure Galerie ANTIK<\/li><\/ul><h3>2009<\/h3><ul><li>Biennale des M\u00e9tiers d\u2019Art \u2013 Monthey (Crochetan)<\/li><li>Exposition collective \u00ab\u00a0Sculptures et Tradition\u00a0\u00bb &#8211; Riddes (La Vidond\u00e9e)<\/li><\/ul><h3>2008<\/h3><ul><li>Salon des Antiquaires \u2013 Crans-Montana<\/li><li>Participation aux multiples \u00e9v\u00e8nements dans le cadre de la Galerie Antik<\/li><\/ul><h3>2007<\/h3><ul><li>Ouverture de la Galerie Antik en vieille ville de Sion<\/li><li>Salon des Antiquaires \u2013 Crans-Montana<\/li><\/ul><h3>2005<\/h3><ul><li>5\u00e8me Biennale des m\u00e9tiers d\u2019art \u00e0 Savi\u00e8se<\/li><li>Exposition \u00e0 la Galerie-Club \u00e0 Martigny<\/li><li>\u00ab\u00a0Galerie LaFor\u00eat\u00a0\u00bb \u00e0 Verbier<\/li><\/ul><h3>2004<\/h3><ul><li>\u00ab\u00a0Galerie LaFor\u00eat\u00a0\u00bb \u00e0 Martigny<\/li><li>Exposition collective d\u2019ateliers d\u2019art Viv\u2019Art \u00e0 Yverdon-les-Bains<\/li><li>3\u00e8me Rencontre Internationale des M\u00e9tiers d\u2019Art de Champex<\/li><\/ul><h3>2003<\/h3><ul><li>Exposition photos de bijoux et nus artistiques au \u00abCaveau\u00ab\u00a0de Fully<\/li><li>4\u00e8me Biennale des m\u00e9tiers d\u2019art \u00e0 Savi\u00e8se<\/li><li>Exposition au Relais des Pontis au Val d\u2019Anniviers<\/li><\/ul><h3>2002<\/h3><ul><li>2\u00e8me Rencontre Internationale des M\u00e9tiers d\u2019Art de Champex<\/li><li>Passion Min\u00e9raux \u00ab\u00a0Joyaux des Alpes\u00a0\u00bb H\u00f4tel du Glacier \u2013 Trient<\/li><li>50\u00e8me Foire de Gen\u00e8ve et Floralies<\/li><li>Exposition Caveau Orsat \u00e0 Martigny<\/li><\/ul><h3>2001<\/h3><ul><li>Galerie Carray \u00e0 Martigny<\/li><li>1 \u00e8re Rencontre Internationale des M\u00e9tiers d\u2019Art de Champex<\/li><li>Joaillerie Chopard \u2013 J.-P. Theinz \u00e0 Montana<\/li><li>3\u00e8me Biennale des m\u00e9tiers d\u2019art \u00e0 Savi\u00e8se<\/li><\/ul><h3>2000<\/h3><ul><li>Bijouterie Martin SCHWARTZ \u00e0 Yverdon<\/li><li>Vitrine permanente aux Bains de Saillon<\/li><li>Galerie Latour \u00e0 Martigny<\/li><li>Foire du Valais \u00e0 Martigny<\/li><li>Prix d\u2019encouragement du concours \u00ab\u00a0Arabesques\u00a0\u00bb<\/li><\/ul><h3>1999<\/h3><ul><li>Galerie \u00ab\u00a0Michel H.\u00a0\u00bb \u00e0 Verbier<\/li><li>Bijouterie A. Taramarcaz \u00e0 Montana<\/li><li>Casino de Saxon<\/li><li>2\u00e8me Biennale des m\u00e9tiers d&rsquo;art \u00e0 Savi\u00e8se<\/li><\/ul><h3>1998<\/h3><ul><li>Galerie \u00ab\u00a0What&rsquo;s Up\u00a0\u00bb \u00e0 Montreux<\/li><\/ul><h3>1996<\/h3><ul><li>\u00ab\u00a0Le Caveau\u00a0\u00bb \u00e0 Fully<\/li><\/ul><h3>1995<\/h3><ul><li>Ch\u00e2teau du Scex \u00e0 Vouvry<\/li><li>Galerie Anne De Weck \u00e0 Sion<\/li><\/ul>\t\t\t\t\t\t\t\t<\/div>\n\t\t\t\t<\/div>\n\t\t\t\t<div class=\"elementor-element elementor-element-248a7aa elementor-nav-menu__align-center elementor-nav-menu--dropdown-none elementor-widget elementor-widget-nav-menu\" data-id=\"248a7aa\" data-element_type=\"widget\" data-e-type=\"widget\" data-settings=\"{&quot;layout&quot;:&quot;horizontal&quot;,&quot;submenu_icon&quot;:{&quot;value&quot;:&quot;&lt;i class=\\&quot;fas fa-caret-down\\&quot; aria-hidden=\\&quot;true\\&quot;&gt;&lt;\\\/i&gt;&quot;,&quot;library&quot;:&quot;fa-solid&quot;}}\" data-widget_type=\"nav-menu.default\">\n\t\t\t\t<div class=\"elementor-widget-container\">\n\t\t\t\t\t\t\t\t<nav aria-label=\"Menu\" class=\"elementor-nav-menu--main elementor-nav-menu__container elementor-nav-menu--layout-horizontal e--pointer-underline e--animation-fade\">\n\t\t\t\t<ul id=\"menu-1-248a7aa\" class=\"elementor-nav-menu\"><li class=\"menu-item menu-item-type-post_type menu-item-object-page menu-item-3247\"><a href=\"https:\/\/pierredalexis.ch\/fr\/artiste\/\" class=\"elementor-item menu-link\">L\u2019Artiste<\/a><\/li>\n<li class=\"menu-item menu-item-type-post_type menu-item-object-page menu-item-3248\"><a href=\"https:\/\/pierredalexis.ch\/fr\/philosophie\/\" class=\"elementor-item menu-link\">Philosophie<\/a><\/li>\n<li class=\"menu-item menu-item-type-post_type menu-item-object-page menu-item-3246\"><a href=\"https:\/\/pierredalexis.ch\/fr\/historique\/\" class=\"elementor-item menu-link\">Historique<\/a><\/li>\n<\/ul>\t\t\t<\/nav>\n\t\t\t\t\t\t<nav class=\"elementor-nav-menu--dropdown elementor-nav-menu__container\" aria-hidden=\"true\">\n\t\t\t\t<ul id=\"menu-2-248a7aa\" class=\"elementor-nav-menu\"><li class=\"menu-item menu-item-type-post_type menu-item-object-page menu-item-3247\"><a href=\"https:\/\/pierredalexis.ch\/fr\/artiste\/\" class=\"elementor-item menu-link\" tabindex=\"-1\">L\u2019Artiste<\/a><\/li>\n<li class=\"menu-item menu-item-type-post_type menu-item-object-page menu-item-3248\"><a href=\"https:\/\/pierredalexis.ch\/fr\/philosophie\/\" class=\"elementor-item menu-link\" tabindex=\"-1\">Philosophie<\/a><\/li>\n<li class=\"menu-item menu-item-type-post_type menu-item-object-page menu-item-3246\"><a href=\"https:\/\/pierredalexis.ch\/fr\/historique\/\" class=\"elementor-item menu-link\" tabindex=\"-1\">Historique<\/a><\/li>\n<\/ul>\t\t\t<\/nav>\n\t\t\t\t\t\t<\/div>\n\t\t\t\t<\/div>\n\t\t\t\t\t<\/div>\n\t\t<\/div>\n\t\t\t\t\t<\/div>\n\t\t<\/section>\n\t\t\t\t<\/div>\n\t\t","protected":false},"excerpt":{"rendered":"<p>Historique Gr\u00e9goire Maret &#8211; PIERRE d&rsquo;ALEXIS 2018 Lancement de la marque PIERRE d\u2019ALEXIS 1er Salon GEMGen\u00e8ve 2012 \u00e0 2017 www.gregbijoux.ch Pause 2011 Exposition et concours \u00ab Arts de la Table \u00bb au Ch\u00e2teau de R\u00e9chy. 2\u00e8me prix d\u00e9cern\u00e9 pour la r\u00e9alisation d\u2019une fontaine \u00e0 absinthe cr\u00e9\u00e9e avec la collaboration de Christophe Huguenin, souffleur de verre [&hellip;]<\/p>\n","protected":false},"author":1,"featured_media":0,"parent":0,"menu_order":0,"comment_status":"closed","ping_status":"closed","template":"","meta":{"_seopress_robots_primary_cat":"","_seopress_titles_title":"Historique de Gr\u00e9goire Maret Bijoutier PIERRE d\u2019ALEXIS","_seopress_titles_desc":"Passionn\u00e9 de bijoux d\u2019Art, il cr\u00e9e depuis plus de vingt ans une collection de bijoux uniques","_seopress_robots_index":"","site-sidebar-layout":"default","site-content-layout":"default","ast-site-content-layout":"default","site-content-style":"default","site-sidebar-style":"default","ast-global-header-display":"","ast-banner-title-visibility":"","ast-main-header-display":"disabled","ast-hfb-above-header-display":"","ast-hfb-below-header-display":"","ast-hfb-mobile-header-display":"","site-post-title":"disabled","ast-breadcrumbs-content":"","ast-featured-img":"disabled","footer-sml-layout":"disabled","ast-disable-related-posts":"","theme-transparent-header-meta":"default","adv-header-id-meta":"","stick-header-meta":"","header-above-stick-meta":"","header-main-stick-meta":"","header-below-stick-meta":"","astra-migrate-meta-layouts":"default","ast-page-background-enabled":"default","ast-page-background-meta":{"desktop":{"background-color":"","background-image":"","background-repeat":"repeat","background-position":"center center","background-size":"auto","background-attachment":"scroll","background-type":"","background-media":"","overlay-type":"","overlay-color":"","overlay-opacity":"","overlay-gradient":""},"tablet":{"background-color":"","background-image":"","background-repeat":"repeat","background-position":"center center","background-size":"auto","background-attachment":"scroll","background-type":"","background-media":"","overlay-type":"","overlay-color":"","overlay-opacity":"","overlay-gradient":""},"mobile":{"background-color":"","background-image":"","background-repeat":"repeat","background-position":"center center","background-size":"auto","background-attachment":"scroll","background-type":"","background-media":"","overlay-type":"","overlay-color":"","overlay-opacity":"","overlay-gradient":""}},"ast-content-background-meta":{"desktop":{"background-color":"var(--ast-global-color-5)","background-image":"","background-repeat":"repeat","background-position":"center center","background-size":"auto","background-attachment":"scroll","background-type":"","background-media":"","overlay-type":"","overlay-color":"","overlay-opacity":"","overlay-gradient":""},"tablet":{"background-color":"var(--ast-global-color-5)","background-image":"","background-repeat":"repeat","background-position":"center center","background-size":"auto","background-attachment":"scroll","background-type":"","background-media":"","overlay-type":"","overlay-color":"","overlay-opacity":"","overlay-gradient":""},"mobile":{"background-color":"var(--ast-global-color-5)","background-image":"","background-repeat":"repeat","background-position":"center center","background-size":"auto","background-attachment":"scroll","background-type":"","background-media":"","overlay-type":"","overlay-color":"","overlay-opacity":"","overlay-gradient":""}},"footnotes":""},"class_list":["post-372","page","type-page","status-publish","hentry"],"_links":{"self":[{"href":"https:\/\/pierredalexis.ch\/fr\/wp-json\/wp\/v2\/pages\/372","targetHints":{"allow":["GET"]}}],"collection":[{"href":"https:\/\/pierredalexis.ch\/fr\/wp-json\/wp\/v2\/pages"}],"about":[{"href":"https:\/\/pierredalexis.ch\/fr\/wp-json\/wp\/v2\/types\/page"}],"author":[{"embeddable":true,"href":"https:\/\/pierredalexis.ch\/fr\/wp-json\/wp\/v2\/users\/1"}],"replies":[{"embeddable":true,"href":"https:\/\/pierredalexis.ch\/fr\/wp-json\/wp\/v2\/comments?post=372"}],"version-history":[{"count":0,"href":"https:\/\/pierredalexis.ch\/fr\/wp-json\/wp\/v2\/pages\/372\/revisions"}],"wp:attachment":[{"href":"https:\/\/pierredalexis.ch\/fr\/wp-json\/wp\/v2\/media?parent=372"}],"curies":[{"name":"wp","href":"https:\/\/api.w.org\/{rel}","templated":true}]}}