{"id":374,"date":"2018-11-29T18:30:52","date_gmt":"2018-11-29T17:30:52","guid":{"rendered":"http:\/\/rf04ltvsv.preview.infomaniak.website\/?page_id=374"},"modified":"2022-07-02T15:31:41","modified_gmt":"2022-07-02T13:31:41","slug":"artiste","status":"publish","type":"page","link":"https:\/\/pierredalexis.ch\/fr\/artiste\/","title":{"rendered":"L&rsquo;Artiste"},"content":{"rendered":"\t\t<div data-elementor-type=\"wp-post\" data-elementor-id=\"374\" class=\"elementor elementor-374\" data-elementor-post-type=\"page\">\n\t\t\t\t\t\t<section class=\"elementor-section elementor-top-section elementor-element elementor-element-2b68a39b elementor-section-full_width elementor-section-height-default elementor-section-height-default\" data-id=\"2b68a39b\" data-element_type=\"section\" data-e-type=\"section\" data-settings=\"{&quot;background_background&quot;:&quot;classic&quot;}\">\n\t\t\t\t\t\t<div class=\"elementor-container elementor-column-gap-default\">\n\t\t\t\t\t<div class=\"elementor-column elementor-col-50 elementor-top-column elementor-element elementor-element-76f5aeb9\" data-id=\"76f5aeb9\" data-element_type=\"column\" data-e-type=\"column\" data-settings=\"{&quot;background_background&quot;:&quot;classic&quot;}\">\n\t\t\t<div class=\"elementor-widget-wrap elementor-element-populated\">\n\t\t\t\t\t\t<div class=\"elementor-element elementor-element-2e346201 elementor-widget elementor-widget-image\" data-id=\"2e346201\" data-element_type=\"widget\" data-e-type=\"widget\" data-settings=\"{&quot;sticky&quot;:&quot;top&quot;,&quot;sticky_on&quot;:[&quot;desktop&quot;,&quot;tablet&quot;],&quot;sticky_parent&quot;:&quot;yes&quot;,&quot;sticky_offset&quot;:0,&quot;sticky_effects_offset&quot;:0,&quot;sticky_anchor_link_offset&quot;:0}\" data-widget_type=\"image.default\">\n\t\t\t\t<div class=\"elementor-widget-container\">\n\t\t\t\t\t\t\t\t\t\t\t\t\t\t\t<img data-opt-id=1342695040  fetchpriority=\"high\" decoding=\"async\" width=\"848\" height=\"679\" src=\"https:\/\/ml7vt2c1kbnd.i.optimole.com\/w:848\/h:679\/q:mauto\/g:sm\/f:best\/https:\/\/pierredalexis.ch\/wp-content\/uploads\/site_pa\/Pages\/L-Artiste-848x679.png\" class=\"attachment-full size-full wp-image-1458\" alt=\"Gr\u00e9goire Maret - Bijoutier Valais Suisse\" srcset=\"https:\/\/ml7vt2c1kbnd.i.optimole.com\/w:848\/h:679\/q:mauto\/g:sm\/f:best\/https:\/\/pierredalexis.ch\/wp-content\/uploads\/site_pa\/Pages\/L-Artiste-848x679.png 848w, https:\/\/ml7vt2c1kbnd.i.optimole.com\/w:300\/h:240\/q:mauto\/g:sm\/f:best\/https:\/\/pierredalexis.ch\/wp-content\/uploads\/site_pa\/Pages\/L-Artiste-848x679.png 300w, https:\/\/ml7vt2c1kbnd.i.optimole.com\/w:768\/h:615\/q:mauto\/g:sm\/f:best\/https:\/\/pierredalexis.ch\/wp-content\/uploads\/site_pa\/Pages\/L-Artiste-848x679.png 768w\" sizes=\"(max-width: 848px) 100vw, 848px\" \/>\t\t\t\t\t\t\t\t\t\t\t\t\t\t\t<\/div>\n\t\t\t\t<\/div>\n\t\t\t\t\t<\/div>\n\t\t<\/div>\n\t\t\t\t<div class=\"elementor-column elementor-col-50 elementor-top-column elementor-element elementor-element-5c009d4b\" data-id=\"5c009d4b\" data-element_type=\"column\" data-e-type=\"column\">\n\t\t\t<div class=\"elementor-widget-wrap elementor-element-populated\">\n\t\t\t\t\t\t<div class=\"elementor-element elementor-element-7e91441c elementor-widget elementor-widget-heading\" data-id=\"7e91441c\" data-element_type=\"widget\" data-e-type=\"widget\" data-widget_type=\"heading.default\">\n\t\t\t\t<div class=\"elementor-widget-container\">\n\t\t\t\t\t<h1 class=\"elementor-heading-title elementor-size-default\">L'Artiste<\/h1>\t\t\t\t<\/div>\n\t\t\t\t<\/div>\n\t\t\t\t<div class=\"elementor-element elementor-element-159c64d9 elementor-widget-divider--view-line elementor-widget elementor-widget-divider\" data-id=\"159c64d9\" data-element_type=\"widget\" data-e-type=\"widget\" data-widget_type=\"divider.default\">\n\t\t\t\t<div class=\"elementor-widget-container\">\n\t\t\t\t\t\t\t<div class=\"elementor-divider\">\n\t\t\t<span class=\"elementor-divider-separator\">\n\t\t\t\t\t\t<\/span>\n\t\t<\/div>\n\t\t\t\t\t\t<\/div>\n\t\t\t\t<\/div>\n\t\t\t\t<div class=\"elementor-element elementor-element-5b99746 elementor-widget elementor-widget-heading\" data-id=\"5b99746\" data-element_type=\"widget\" data-e-type=\"widget\" data-widget_type=\"heading.default\">\n\t\t\t\t<div class=\"elementor-widget-container\">\n\t\t\t\t\t<h2 class=\"elementor-heading-title elementor-size-default\">Gr\u00e9goire Maret Bijoutier Joaillier<\/h2>\t\t\t\t<\/div>\n\t\t\t\t<\/div>\n\t\t\t\t<div class=\"elementor-element elementor-element-00f3d18 elementor-widget elementor-widget-text-editor\" data-id=\"00f3d18\" data-element_type=\"widget\" data-e-type=\"widget\" data-widget_type=\"text-editor.default\">\n\t\t\t\t<div class=\"elementor-widget-container\">\n\t\t\t\t\t\t\t\t\t<p>Issu de l\u2019\u00c9cole technique de la Vall\u00e9e de Joux en 1994 o\u00f9 il a \u00e9t\u00e9 form\u00e9 \u00ab\u00e0 l\u2019ancienne\u00bb en haute joaillerie et gemmologie, Gr\u00e9goire Maret a mis \u00e0 profit ce bagage technique pour d\u00e9velopper sa propre d\u00e9marche artistique.<\/p><p>Passionn\u00e9 de bijoux d\u2019Art, il cr\u00e9e\u00a0depuis plus de vingt ans une collection de bijoux uniques qui accordent une grande place \u00e0 la\u00a0po\u00e9sie\u00a0des\u00a0\u00e9l\u00e9ments\u00a0eux-m\u00eames.<\/p><p>Son art, c\u2019est d\u2019abord une passion, qui exige un savoir-faire empirique. Imperm\u00e9able aux modes, il\u00a0r\u00e9alise\u00a0tout de \u00ab\u00a0A\u00a0\u00e0 Z\u00a0\u00bb, de ses mains naissent des bijoux fabuleux et intemporels.<\/p><p>Sa cr\u00e9ativit\u00e9 est nourrie par l\u2019enrichissement des rencontres, la passion pour son m\u00e9tier, pour les pierres fines et les min\u00e9raux. Il explore l\u2019infinit\u00e9 des possibilit\u00e9s artistiques et techniques dans une ind\u00e9pendance d\u2019esprit d\u00e9voilant la symbolique du bijou. Avec la marque PIERRE d&rsquo;ALEXIS, il pr\u00e9sente un style original dans le monde de la haute-joaillerie contemporaine.<\/p>\t\t\t\t\t\t\t\t<\/div>\n\t\t\t\t<\/div>\n\t\t\t\t<div class=\"elementor-element elementor-element-1ecd844 elementor-nav-menu__align-center elementor-nav-menu--dropdown-none elementor-widget elementor-widget-nav-menu\" data-id=\"1ecd844\" data-element_type=\"widget\" data-e-type=\"widget\" data-settings=\"{&quot;layout&quot;:&quot;horizontal&quot;,&quot;submenu_icon&quot;:{&quot;value&quot;:&quot;&lt;i class=\\&quot;fas fa-caret-down\\&quot; aria-hidden=\\&quot;true\\&quot;&gt;&lt;\\\/i&gt;&quot;,&quot;library&quot;:&quot;fa-solid&quot;}}\" data-widget_type=\"nav-menu.default\">\n\t\t\t\t<div class=\"elementor-widget-container\">\n\t\t\t\t\t\t\t\t<nav aria-label=\"Menu\" class=\"elementor-nav-menu--main elementor-nav-menu__container elementor-nav-menu--layout-horizontal e--pointer-underline e--animation-fade\">\n\t\t\t\t<ul id=\"menu-1-1ecd844\" class=\"elementor-nav-menu\"><li class=\"menu-item menu-item-type-post_type menu-item-object-page menu-item-3247\"><a href=\"https:\/\/pierredalexis.ch\/fr\/artiste\/\" class=\"elementor-item menu-link\">L\u2019Artiste<\/a><\/li>\n<li class=\"menu-item menu-item-type-post_type menu-item-object-page menu-item-3248\"><a href=\"https:\/\/pierredalexis.ch\/fr\/philosophie\/\" class=\"elementor-item menu-link\">Philosophie<\/a><\/li>\n<li class=\"menu-item menu-item-type-post_type menu-item-object-page menu-item-3246\"><a href=\"https:\/\/pierredalexis.ch\/fr\/historique\/\" class=\"elementor-item menu-link\">Historique<\/a><\/li>\n<\/ul>\t\t\t<\/nav>\n\t\t\t\t\t\t<nav class=\"elementor-nav-menu--dropdown elementor-nav-menu__container\" aria-hidden=\"true\">\n\t\t\t\t<ul id=\"menu-2-1ecd844\" class=\"elementor-nav-menu\"><li class=\"menu-item menu-item-type-post_type menu-item-object-page menu-item-3247\"><a href=\"https:\/\/pierredalexis.ch\/fr\/artiste\/\" class=\"elementor-item menu-link\" tabindex=\"-1\">L\u2019Artiste<\/a><\/li>\n<li class=\"menu-item menu-item-type-post_type menu-item-object-page menu-item-3248\"><a href=\"https:\/\/pierredalexis.ch\/fr\/philosophie\/\" class=\"elementor-item menu-link\" tabindex=\"-1\">Philosophie<\/a><\/li>\n<li class=\"menu-item menu-item-type-post_type menu-item-object-page menu-item-3246\"><a href=\"https:\/\/pierredalexis.ch\/fr\/historique\/\" class=\"elementor-item menu-link\" tabindex=\"-1\">Historique<\/a><\/li>\n<\/ul>\t\t\t<\/nav>\n\t\t\t\t\t\t<\/div>\n\t\t\t\t<\/div>\n\t\t\t\t\t<\/div>\n\t\t<\/div>\n\t\t\t\t\t<\/div>\n\t\t<\/section>\n\t\t\t\t<\/div>\n\t\t","protected":false},"excerpt":{"rendered":"<p>L&rsquo;Artiste Gr\u00e9goire Maret Bijoutier Joaillier Issu de l\u2019\u00c9cole technique de la Vall\u00e9e de Joux en 1994 o\u00f9 il a \u00e9t\u00e9 form\u00e9 \u00ab\u00e0 l\u2019ancienne\u00bb en haute joaillerie et gemmologie, Gr\u00e9goire Maret a mis \u00e0 profit ce bagage technique pour d\u00e9velopper sa propre d\u00e9marche artistique. Passionn\u00e9 de bijoux d\u2019Art, il cr\u00e9e\u00a0depuis plus de vingt ans une collection [&hellip;]<\/p>\n","protected":false},"author":1,"featured_media":0,"parent":0,"menu_order":0,"comment_status":"closed","ping_status":"closed","template":"","meta":{"_seopress_robots_primary_cat":"","_seopress_titles_title":"Gr\u00e9goire Maret l&#039;artiste bijoutier - PIERRE d\u2019ALEXIS","_seopress_titles_desc":"Gr\u00e9goire Maret , Issu de l\u2019\u00c9cole technique de la Vall\u00e9e de Joux en 1994 o\u00f9 il a \u00e9t\u00e9 form\u00e9 \u00ab\u00e0 l\u2019ancienne\u00bb en haute joaillerie et gemmologie.","_seopress_robots_index":"","site-sidebar-layout":"default","site-content-layout":"default","ast-site-content-layout":"default","site-content-style":"default","site-sidebar-style":"default","ast-global-header-display":"","ast-banner-title-visibility":"","ast-main-header-display":"disabled","ast-hfb-above-header-display":"","ast-hfb-below-header-display":"","ast-hfb-mobile-header-display":"","site-post-title":"disabled","ast-breadcrumbs-content":"","ast-featured-img":"disabled","footer-sml-layout":"disabled","ast-disable-related-posts":"","theme-transparent-header-meta":"default","adv-header-id-meta":"","stick-header-meta":"","header-above-stick-meta":"","header-main-stick-meta":"","header-below-stick-meta":"","astra-migrate-meta-layouts":"default","ast-page-background-enabled":"default","ast-page-background-meta":{"desktop":{"background-color":"","background-image":"","background-repeat":"repeat","background-position":"center center","background-size":"auto","background-attachment":"scroll","background-type":"","background-media":"","overlay-type":"","overlay-color":"","overlay-opacity":"","overlay-gradient":""},"tablet":{"background-color":"","background-image":"","background-repeat":"repeat","background-position":"center center","background-size":"auto","background-attachment":"scroll","background-type":"","background-media":"","overlay-type":"","overlay-color":"","overlay-opacity":"","overlay-gradient":""},"mobile":{"background-color":"","background-image":"","background-repeat":"repeat","background-position":"center center","background-size":"auto","background-attachment":"scroll","background-type":"","background-media":"","overlay-type":"","overlay-color":"","overlay-opacity":"","overlay-gradient":""}},"ast-content-background-meta":{"desktop":{"background-color":"var(--ast-global-color-5)","background-image":"","background-repeat":"repeat","background-position":"center center","background-size":"auto","background-attachment":"scroll","background-type":"","background-media":"","overlay-type":"","overlay-color":"","overlay-opacity":"","overlay-gradient":""},"tablet":{"background-color":"var(--ast-global-color-5)","background-image":"","background-repeat":"repeat","background-position":"center center","background-size":"auto","background-attachment":"scroll","background-type":"","background-media":"","overlay-type":"","overlay-color":"","overlay-opacity":"","overlay-gradient":""},"mobile":{"background-color":"var(--ast-global-color-5)","background-image":"","background-repeat":"repeat","background-position":"center center","background-size":"auto","background-attachment":"scroll","background-type":"","background-media":"","overlay-type":"","overlay-color":"","overlay-opacity":"","overlay-gradient":""}},"footnotes":""},"class_list":["post-374","page","type-page","status-publish","hentry"],"_links":{"self":[{"href":"https:\/\/pierredalexis.ch\/fr\/wp-json\/wp\/v2\/pages\/374","targetHints":{"allow":["GET"]}}],"collection":[{"href":"https:\/\/pierredalexis.ch\/fr\/wp-json\/wp\/v2\/pages"}],"about":[{"href":"https:\/\/pierredalexis.ch\/fr\/wp-json\/wp\/v2\/types\/page"}],"author":[{"embeddable":true,"href":"https:\/\/pierredalexis.ch\/fr\/wp-json\/wp\/v2\/users\/1"}],"replies":[{"embeddable":true,"href":"https:\/\/pierredalexis.ch\/fr\/wp-json\/wp\/v2\/comments?post=374"}],"version-history":[{"count":0,"href":"https:\/\/pierredalexis.ch\/fr\/wp-json\/wp\/v2\/pages\/374\/revisions"}],"wp:attachment":[{"href":"https:\/\/pierredalexis.ch\/fr\/wp-json\/wp\/v2\/media?parent=374"}],"curies":[{"name":"wp","href":"https:\/\/api.w.org\/{rel}","templated":true}]}}