{"id":3108,"date":"2021-11-11T13:42:20","date_gmt":"2021-11-11T12:42:20","guid":{"rendered":"https:\/\/test.pierredalexis.ch\/?post_type=product&#038;p=3108"},"modified":"2023-11-14T17:56:47","modified_gmt":"2023-11-14T16:56:47","slug":"excalibur","status":"publish","type":"product","link":"https:\/\/pierredalexis.ch\/fr\/bijoux\/excalibur\/","title":{"rendered":"Excalibur"},"content":{"rendered":"<p>Pendentif en or jaune, rouge et gris avec un quartz (Binntal &#8211; Valais), une opale border (Australie) et deux diamants (2004), pr\u00e9sent\u00e9 sur une cha\u00eene bicolore en or jaune et or gris enti\u00e8rement fait-main (2004)<\/p>\n","protected":false},"excerpt":{"rendered":"<p>Pendentif en or jaune, rouge et gris avec un quartz (Binntal &#8211; Valais), une opale border (Australie) et deux diamants (2004), pr\u00e9sent\u00e9 sur une cha\u00eene bicolore en or jaune et or gris enti\u00e8rement fait-main (2004)<\/p>\n","protected":false},"featured_media":1844,"template":"","meta":{"_seopress_robots_primary_cat":"none","_seopress_titles_title":"","_seopress_titles_desc":"","_seopress_robots_index":"","site-sidebar-layout":"default","site-content-layout":"default","ast-site-content-layout":"default","site-content-style":"default","site-sidebar-style":"default","ast-global-header-display":"","ast-banner-title-visibility":"","ast-main-header-display":"","ast-hfb-above-header-display":"","ast-hfb-below-header-display":"","ast-hfb-mobile-header-display":"","site-post-title":"","ast-breadcrumbs-content":"","ast-featured-img":"","footer-sml-layout":"","ast-disable-related-posts":"","theme-transparent-header-meta":"default","adv-header-id-meta":"","stick-header-meta":"","header-above-stick-meta":"","header-main-stick-meta":"","header-below-stick-meta":"","astra-migrate-meta-layouts":"set","ast-page-background-enabled":"default","ast-page-background-meta":{"desktop":{"background-color":"","background-image":"","background-repeat":"repeat","background-position":"center center","background-size":"auto","background-attachment":"scroll","background-type":"","background-media":"","overlay-type":"","overlay-color":"","overlay-opacity":"","overlay-gradient":""},"tablet":{"background-color":"","background-image":"","background-repeat":"repeat","background-position":"center center","background-size":"auto","background-attachment":"scroll","background-type":"","background-media":"","overlay-type":"","overlay-color":"","overlay-opacity":"","overlay-gradient":""},"mobile":{"background-color":"","background-image":"","background-repeat":"repeat","background-position":"center center","background-size":"auto","background-attachment":"scroll","background-type":"","background-media":"","overlay-type":"","overlay-color":"","overlay-opacity":"","overlay-gradient":""}},"ast-content-background-meta":{"desktop":{"background-color":"var(--ast-global-color-5)","background-image":"","background-repeat":"repeat","background-position":"center center","background-size":"auto","background-attachment":"scroll","background-type":"","background-media":"","overlay-type":"","overlay-color":"","overlay-opacity":"","overlay-gradient":""},"tablet":{"background-color":"var(--ast-global-color-5)","background-image":"","background-repeat":"repeat","background-position":"center center","background-size":"auto","background-attachment":"scroll","background-type":"","background-media":"","overlay-type":"","overlay-color":"","overlay-opacity":"","overlay-gradient":""},"mobile":{"background-color":"var(--ast-global-color-5)","background-image":"","background-repeat":"repeat","background-position":"center center","background-size":"auto","background-attachment":"scroll","background-type":"","background-media":"","overlay-type":"","overlay-color":"","overlay-opacity":"","overlay-gradient":""}}},"product_brand":[],"product_cat":[138],"product_tag":[],"type-de-prix":[146],"class_list":{"0":"post-3108","1":"product","2":"type-product","3":"status-publish","4":"has-post-thumbnail","6":"product_cat-la-collection","7":"type-de-prix-vendu","8":"desktop-align-left","9":"tablet-align-left","10":"mobile-align-left","12":"first","13":"outofstock","14":"shipping-taxable","15":"product-type-simple"},"_links":{"self":[{"href":"https:\/\/pierredalexis.ch\/fr\/wp-json\/wp\/v2\/product\/3108","targetHints":{"allow":["GET"]}}],"collection":[{"href":"https:\/\/pierredalexis.ch\/fr\/wp-json\/wp\/v2\/product"}],"about":[{"href":"https:\/\/pierredalexis.ch\/fr\/wp-json\/wp\/v2\/types\/product"}],"version-history":[{"count":1,"href":"https:\/\/pierredalexis.ch\/fr\/wp-json\/wp\/v2\/product\/3108\/revisions"}],"predecessor-version":[{"id":5004,"href":"https:\/\/pierredalexis.ch\/fr\/wp-json\/wp\/v2\/product\/3108\/revisions\/5004"}],"wp:featuredmedia":[{"embeddable":true,"href":"https:\/\/pierredalexis.ch\/fr\/wp-json\/wp\/v2\/media\/1844"}],"wp:attachment":[{"href":"https:\/\/pierredalexis.ch\/fr\/wp-json\/wp\/v2\/media?parent=3108"}],"wp:term":[{"taxonomy":"product_brand","embeddable":true,"href":"https:\/\/pierredalexis.ch\/fr\/wp-json\/wp\/v2\/product_brand?post=3108"},{"taxonomy":"product_cat","embeddable":true,"href":"https:\/\/pierredalexis.ch\/fr\/wp-json\/wp\/v2\/product_cat?post=3108"},{"taxonomy":"product_tag","embeddable":true,"href":"https:\/\/pierredalexis.ch\/fr\/wp-json\/wp\/v2\/product_tag?post=3108"},{"taxonomy":"type-de-prix","embeddable":true,"href":"https:\/\/pierredalexis.ch\/fr\/wp-json\/wp\/v2\/type-de-prix?post=3108"}],"curies":[{"name":"wp","href":"https:\/\/api.w.org\/{rel}","templated":true}]}}