{"id":3768,"date":"2021-11-24T17:39:11","date_gmt":"2021-11-24T16:39:11","guid":{"rendered":"https:\/\/test.pierredalexis.ch\/?post_type=product&#038;p=3768"},"modified":"2026-04-02T22:34:29","modified_gmt":"2026-04-02T20:34:29","slug":"cours-initiation-a-la-bijouterie-creation-dun-bijou","status":"publish","type":"product","link":"https:\/\/pierredalexis.ch\/fr\/bijoux\/cours-initiation-a-la-bijouterie-creation-dun-bijou\/","title":{"rendered":"Cours initiation \u00e0 la bijouterie, cr\u00e9ation d&rsquo;un bijou"},"content":{"rendered":"\t\t<div data-elementor-type=\"product-post\" data-elementor-id=\"3768\" class=\"elementor elementor-3768\" data-elementor-post-type=\"product\">\n\t\t\t\t\t\t<section class=\"elementor-section elementor-top-section elementor-element elementor-element-623dcdf4 elementor-section-boxed elementor-section-height-default elementor-section-height-default\" data-id=\"623dcdf4\" data-element_type=\"section\" data-e-type=\"section\">\n\t\t\t\t\t\t<div class=\"elementor-container elementor-column-gap-default\">\n\t\t\t\t\t<div class=\"elementor-column elementor-col-100 elementor-top-column elementor-element elementor-element-75d50615\" data-id=\"75d50615\" data-element_type=\"column\" data-e-type=\"column\">\n\t\t\t<div class=\"elementor-widget-wrap elementor-element-populated\">\n\t\t\t\t\t\t<div class=\"elementor-element elementor-element-f5f45fd elementor-widget elementor-widget-heading\" data-id=\"f5f45fd\" data-element_type=\"widget\" data-e-type=\"widget\" data-widget_type=\"heading.default\">\n\t\t\t\t<div class=\"elementor-widget-container\">\n\t\t\t\t\t<h2 class=\"elementor-heading-title elementor-size-default\">Cours dans notre atelier en Valais<\/h2>\t\t\t\t<\/div>\n\t\t\t\t<\/div>\n\t\t\t\t<div class=\"elementor-element elementor-element-30174dc5 elementor-widget elementor-widget-text-editor\" data-id=\"30174dc5\" data-element_type=\"widget\" data-e-type=\"widget\" data-widget_type=\"text-editor.default\">\n\t\t\t\t<div class=\"elementor-widget-container\">\n\t\t\t\t\t\t\t\t\t<p>Vivez l\u2019exp\u00e9rience authentique de concevoir et r\u00e9alisez de vos mains de A \u00e0 Z, votre PROPRE BIJOU, unique et selon votre id\u00e9e.<br>\n<br><br>Depuis plus de 25 ans, Gr\u00e9goire Maret, artisan bijoutier-joaillier renomm\u00e9, partage sa passion en proposant des cours d\u2019initiation \u00e0 la bijouterie et fait d\u00e9couvrir aux participants, le temps d\u2019un bijou, ce m\u00e9tier d\u2019Art prestigieux.<br>\n<br><br>Dans un cadre idyllique et une ambiance d\u2019atelier intime et chaleureuse, vous aurez &nbsp;le plaisir de travailler \u00e0 l\u2019\u00e9tabli pour \u00e9laborer votre bijou en or, platine ou argent, avec ou sans pierre. &nbsp;Lors de cette aventure vous serez initi\u00e9 selon votre projet aux techniques ancestrales du travail des m\u00e9taux pr\u00e9cieux.<br>\n<br><br>Pour garantir le r\u00e9sultat, vous&nbsp; serez coach\u00e9, accompagn\u00e9 et assist\u00e9 tout au long de l\u2019\u00e9laboration de votre bijou par le ma\u00eetre bijoutier.<\/p>\t\t\t\t\t\t\t\t<\/div>\n\t\t\t\t<\/div>\n\t\t\t\t<div class=\"elementor-element elementor-element-8d9cff0 elementor-widget elementor-widget-heading\" data-id=\"8d9cff0\" data-element_type=\"widget\" data-e-type=\"widget\" data-widget_type=\"heading.default\">\n\t\t\t\t<div class=\"elementor-widget-container\">\n\t\t\t\t\t<h2 class=\"elementor-heading-title elementor-size-default\">Techniques \u00e0 d\u00e9couvrir : <\/h2>\t\t\t\t<\/div>\n\t\t\t\t<\/div>\n\t\t\t\t<div class=\"elementor-element elementor-element-67cbeda elementor-widget elementor-widget-text-editor\" data-id=\"67cbeda\" data-element_type=\"widget\" data-e-type=\"widget\" data-widget_type=\"text-editor.default\">\n\t\t\t\t<div class=\"elementor-widget-container\">\n\t\t\t\t\t\t\t\t\tConception d\u2019un croquis (RDV individuel), techniques de mesures et tra\u00e7age, pr\u00e9paration de la mati\u00e8re (recuit, laminage, \u00e9tirage), sculpture 3D du mod\u00e8le en cire, fonte et casting, brasage, \u00e9bavurage, per\u00e7age, limage, martelage, fraisage, \u00e9ventuellement sertissage (griffes, grains, clos), polissage, cabronage, oxydation,\u2026\t\t\t\t\t\t\t\t<\/div>\n\t\t\t\t<\/div>\n\t\t\t\t<div class=\"elementor-element elementor-element-9869f35 elementor-widget elementor-widget-heading\" data-id=\"9869f35\" data-element_type=\"widget\" data-e-type=\"widget\" data-widget_type=\"heading.default\">\n\t\t\t\t<div class=\"elementor-widget-container\">\n\t\t\t\t\t<h2 class=\"elementor-heading-title elementor-size-default\">\nLes outils utilis\u00e9s : \n<\/h2>\t\t\t\t<\/div>\n\t\t\t\t<\/div>\n\t\t\t\t<div class=\"elementor-element elementor-element-649511c elementor-widget elementor-widget-text-editor\" data-id=\"649511c\" data-element_type=\"widget\" data-e-type=\"widget\" data-widget_type=\"text-editor.default\">\n\t\t\t\t<div class=\"elementor-widget-container\">\n\t\t\t\t\t\t\t\t\tPointe \u00e0 tracer, trusquin, compa, brucelles, chalumeau, pinces, pince \u00e0 feu, laminoir, fili\u00e8re, triboulet, banc \u00e0 tirer, \u00e9tau, bocfil, \u00e9chopes \u00e0 main, burins, limes de bijoutier, micro-moteur,\u2026 et bien d\u2019autres encore.\t\t\t\t\t\t\t\t<\/div>\n\t\t\t\t<\/div>\n\t\t\t\t<div class=\"elementor-element elementor-element-7529cb3 elementor-widget elementor-widget-text-editor\" data-id=\"7529cb3\" data-element_type=\"widget\" data-e-type=\"widget\" data-widget_type=\"text-editor.default\">\n\t\t\t\t<div class=\"elementor-widget-container\">\n\t\t\t\t\t\t\t\t\t<strong>Cours sur demande,<\/strong><br>\ndates et horaires \u00e0 convenir, en individuel, entre ami(e)s ou en couple.<br>\nLaissez-nous vos coordonn\u00e9es via le formulaire de contact et nous vous rappellerons au plus vite.\t\t\t\t\t\t\t\t<\/div>\n\t\t\t\t<\/div>\n\t\t\t\t<div class=\"elementor-element elementor-element-77fd201 elementor-hidden-desktop elementor-hidden-tablet elementor-hidden-mobile elementor-widget elementor-widget-text-editor\" data-id=\"77fd201\" data-element_type=\"widget\" data-e-type=\"widget\" data-widget_type=\"text-editor.default\">\n\t\t\t\t<div class=\"elementor-widget-container\">\n\t\t\t\t\t\t\t\t\t<p><br><\/p><ul>\n<\/ul>\n<p><strong>Cours priv\u00e9<br><\/strong>Cours \u00e0 la demande, en individuel, en couple, pour r\u00e9aliser ou transformer vos alliances, ou entre ami(e)s.<\/p>\n<ul>\n<li>max. 3 pers.<\/li>\n<li>Nbre d\u2019heures : \u00e0 convenir<\/li>\n<li>Prix du cours priv\u00e9 : 150.-\/hre de cours<\/li>\n<li>Non compris : m\u00e9taux pr\u00e9cieux et fournitures<\/li>\n<\/ul>\n<p>Laissez-nous vos coordonn\u00e9es via le formulaire de contact et nous vous rappellerons au plus vite.<\/p>\t\t\t\t\t\t\t\t<\/div>\n\t\t\t\t<\/div>\n\t\t\t\t\t<\/div>\n\t\t<\/div>\n\t\t\t\t\t<\/div>\n\t\t<\/section>\n\t\t\t\t<\/div>\n\t\t","protected":false},"excerpt":{"rendered":"<p>Cours dans notre atelier en Valais Vivez l\u2019exp\u00e9rience authentique de concevoir et r\u00e9alisez de vos mains de A \u00e0 Z, votre PROPRE BIJOU, unique et selon votre id\u00e9e. Depuis plus de 25 ans, Gr\u00e9goire Maret, artisan bijoutier-joaillier renomm\u00e9, partage sa passion en proposant des cours d\u2019initiation \u00e0 la bijouterie et fait d\u00e9couvrir aux participants, le [&hellip;]<\/p>\n","protected":false},"featured_media":1839,"template":"","meta":{"_seopress_robots_primary_cat":"none","_seopress_titles_title":"Cours d'initiation \u00e0 la bijouterie en Valais","_seopress_titles_desc":"Cours pour r\u00e9alisez vous-m\u00eame votre bijou en mati\u00e8re pr\u00e9cieuse (or, argent ou autre) selon votre id\u00e9e, encadr\u00e9 par un professionnel","_seopress_robots_index":"","site-sidebar-layout":"default","site-content-layout":"default","ast-site-content-layout":"default","site-content-style":"default","site-sidebar-style":"default","ast-global-header-display":"","ast-banner-title-visibility":"","ast-main-header-display":"","ast-hfb-above-header-display":"","ast-hfb-below-header-display":"","ast-hfb-mobile-header-display":"","site-post-title":"","ast-breadcrumbs-content":"","ast-featured-img":"","footer-sml-layout":"","ast-disable-related-posts":"","theme-transparent-header-meta":"default","adv-header-id-meta":"","stick-header-meta":"","header-above-stick-meta":"","header-main-stick-meta":"","header-below-stick-meta":"","astra-migrate-meta-layouts":"set","ast-page-background-enabled":"default","ast-page-background-meta":{"desktop":{"background-color":"","background-image":"","background-repeat":"repeat","background-position":"center center","background-size":"auto","background-attachment":"scroll","background-type":"","background-media":"","overlay-type":"","overlay-color":"","overlay-opacity":"","overlay-gradient":""},"tablet":{"background-color":"","background-image":"","background-repeat":"repeat","background-position":"center center","background-size":"auto","background-attachment":"scroll","background-type":"","background-media":"","overlay-type":"","overlay-color":"","overlay-opacity":"","overlay-gradient":""},"mobile":{"background-color":"","background-image":"","background-repeat":"repeat","background-position":"center center","background-size":"auto","background-attachment":"scroll","background-type":"","background-media":"","overlay-type":"","overlay-color":"","overlay-opacity":"","overlay-gradient":""}},"ast-content-background-meta":{"desktop":{"background-color":"var(--ast-global-color-5)","background-image":"","background-repeat":"repeat","background-position":"center center","background-size":"auto","background-attachment":"scroll","background-type":"","background-media":"","overlay-type":"","overlay-color":"","overlay-opacity":"","overlay-gradient":""},"tablet":{"background-color":"var(--ast-global-color-5)","background-image":"","background-repeat":"repeat","background-position":"center center","background-size":"auto","background-attachment":"scroll","background-type":"","background-media":"","overlay-type":"","overlay-color":"","overlay-opacity":"","overlay-gradient":""},"mobile":{"background-color":"var(--ast-global-color-5)","background-image":"","background-repeat":"repeat","background-position":"center center","background-size":"auto","background-attachment":"scroll","background-type":"","background-media":"","overlay-type":"","overlay-color":"","overlay-opacity":"","overlay-gradient":""}}},"product_brand":[],"product_cat":[150],"product_tag":[],"type-de-prix":[145],"class_list":{"0":"post-3768","1":"product","2":"type-product","3":"status-publish","4":"has-post-thumbnail","6":"product_cat-les-cours","7":"type-de-prix-normal","8":"desktop-align-left","9":"tablet-align-left","10":"mobile-align-left","12":"first","13":"instock","14":"shipping-taxable","15":"purchasable","16":"product-type-variable"},"_links":{"self":[{"href":"https:\/\/pierredalexis.ch\/fr\/wp-json\/wp\/v2\/product\/3768","targetHints":{"allow":["GET"]}}],"collection":[{"href":"https:\/\/pierredalexis.ch\/fr\/wp-json\/wp\/v2\/product"}],"about":[{"href":"https:\/\/pierredalexis.ch\/fr\/wp-json\/wp\/v2\/types\/product"}],"version-history":[{"count":67,"href":"https:\/\/pierredalexis.ch\/fr\/wp-json\/wp\/v2\/product\/3768\/revisions"}],"predecessor-version":[{"id":5140,"href":"https:\/\/pierredalexis.ch\/fr\/wp-json\/wp\/v2\/product\/3768\/revisions\/5140"}],"wp:featuredmedia":[{"embeddable":true,"href":"https:\/\/pierredalexis.ch\/fr\/wp-json\/wp\/v2\/media\/1839"}],"wp:attachment":[{"href":"https:\/\/pierredalexis.ch\/fr\/wp-json\/wp\/v2\/media?parent=3768"}],"wp:term":[{"taxonomy":"product_brand","embeddable":true,"href":"https:\/\/pierredalexis.ch\/fr\/wp-json\/wp\/v2\/product_brand?post=3768"},{"taxonomy":"product_cat","embeddable":true,"href":"https:\/\/pierredalexis.ch\/fr\/wp-json\/wp\/v2\/product_cat?post=3768"},{"taxonomy":"product_tag","embeddable":true,"href":"https:\/\/pierredalexis.ch\/fr\/wp-json\/wp\/v2\/product_tag?post=3768"},{"taxonomy":"type-de-prix","embeddable":true,"href":"https:\/\/pierredalexis.ch\/fr\/wp-json\/wp\/v2\/type-de-prix?post=3768"}],"curies":[{"name":"wp","href":"https:\/\/api.w.org\/{rel}","templated":true}]}}